{"id":3498,"date":"2015-07-06T13:43:00","date_gmt":"2015-07-06T13:43:00","guid":{"rendered":"https:\/\/www.navis-ag.com\/es\/kontakt\/"},"modified":"2021-10-25T08:58:14","modified_gmt":"2021-10-25T08:58:14","slug":"contacto","status":"publish","type":"page","link":"https:\/\/www.navis-ag.com\/es\/contacto\/","title":{"rendered":"Contacto"},"content":{"rendered":"<p>[et_pb_section fb_built=\u00bb1&#8243; custom_padding_last_edited=\u00bbon|desktop\u00bb admin_label=\u00bbsection\u00bb _builder_version=\u00bb3.22&#8243; custom_padding=\u00bb150px||0|\u00bb custom_padding_tablet=\u00bb50px|0|50px|0&#8243; custom_padding_phone=\u00bb\u00bb custom_css_main_element=\u00bbpadding-top:50px;\u00bb transparent_background=\u00bboff\u00bb padding_mobile=\u00bboff\u00bb make_fullwidth=\u00bboff\u00bb use_custom_width=\u00bboff\u00bb width_unit=\u00bbon\u00bb][et_pb_row admin_label=\u00bbrow\u00bb _builder_version=\u00bb3.25&#8243; background_size=\u00bbinitial\u00bb background_position=\u00bbtop_left\u00bb background_repeat=\u00bbrepeat\u00bb column_structure=\u00bb1_2,1_2&#8243;][et_pb_column type=\u00bb1_2&#8243; _builder_version=\u00bb3.25&#8243; custom_padding=\u00bb|||\u00bb custom_padding__hover=\u00bb|||\u00bb][et_pb_text _builder_version=\u00bb3.27.4&#8243; background_size=\u00bbinitial\u00bb background_position=\u00bbtop_left\u00bb background_repeat=\u00bbrepeat\u00bb module_alignment=\u00bbleft\u00bb use_border_color=\u00bboff\u00bb border_color=\u00bb#ffffff\u00bb border_style=\u00bbsolid\u00bb]<\/p>\n<h1>CONT\u00c1CTENOS<\/h1>\n<p>Los negocios de nuestros clientes son tan diversos como sus <strong><a href=\"https:\/\/www.navis-ag.com\/es\/contacto\/solicitud-de-cotizacion\/\">solicitudes de transporte<\/a><\/strong>. As\u00ed que no dude en contactarnos. Le ofrecemos <strong>todo el servicio de un s\u00f3lo proveedor<\/strong> para que usted pueda concentrarse \u00fanicamente en su especialidad. Pues es lo que mejor sabe hacer.<br \/>\nNo importa lo que necesite que movamos \u2013 nos alegramos de recibir sus solicitudes de cotizaci\u00f3n.<br \/>\n[\/et_pb_text][\/et_pb_column][et_pb_column type=\u00bb1_2&#8243; _builder_version=\u00bb3.25&#8243; custom_padding=\u00bb|||\u00bb custom_padding__hover=\u00bb|||\u00bb][et_pb_code _builder_version=\u00bb4.9.7&#8243; _module_preset=\u00bbdefault\u00bb hover_enabled=\u00bb0&#8243; sticky_enabled=\u00bb0&#8243;]<noscript class=\"ninja-forms-noscript-message\">\n\tAviso: Se requiere JavaScript para este contenido.<\/noscript>\n<style>\n\n        \/* PLUGIN WIDE STYLES *\/\n    \n        .nf-form-content .nf-field-element .ninja-forms-field:not(select) {\n                                    background-color:#ffffff;\n                                            border-width:1px;\n                                            border-style:solid;\n                                            border-color:#cccccc;\n                                            color:#555555;\n                                            height:34px;\n                                            font-size:14px;\n                                            padding:6px 12px;\n                    }\n        .nf-form-content .nf-field-container.checkbox-container .nf-field-label label {\n                                    font-size:14px;\n                                            font-weight: 400;                    }\n        .nf-form-content .nf-field-container.hr-container .nf-field-element .ninja-forms-field {\n                                    border-width:1px;\n                                            border-style:solid;\n                                            border-color:#eeeeee;\n                                            height:0px!important;\n                                            padding:0px;\n                    }\n        .nf-form-content .nf-field-container.textarea-container .nf-field-element .ninja-forms-field {\n                                    height:114px;\n                    }\n        .nf-form-content .nf-field-container.button-container .nf-field-element .ninja-forms-field {\n                                    border-width:1px;\n                                            border-style:solid;\n                                            border-color:#cccccc;\n                    }\n    <\/style><div id=\"nf-form-10-cont\" class=\"nf-form-cont\" aria-live=\"polite\" aria-labelledby=\"nf-form-title-10\" aria-describedby=\"nf-form-errors-10\" role=\"form\">\n\n    <div class=\"nf-loading-spinner\"><\/div>\n\n<\/div>\n        <!-- That data is being printed as a workaround to page builders reordering the order of the scripts loaded-->\n        <script>var formDisplay=1;var nfForms=nfForms||[];var form=[];form.id='10';form.settings={\"objectType\":\"Form Setting\",\"editActive\":false,\"title\":\"Kontaktformular spanisch\",\"created_at\":\"2021-10-21 17:10:15\",\"form_title\":\"Kontaktformular spanisch\",\"default_label_pos\":\"above\",\"show_title\":\"1\",\"clear_complete\":\"1\",\"hide_complete\":\"1\",\"logged_in\":\"0\",\"seq_num\":\"0\",\"key\":\"CF5b2ce70309977\",\"conditions\":[],\"formContentData\":[{\"cells\":[{\"order\":0,\"fields\":[\"contacto_con_navis_1634880229406\"],\"width\":\"100\"}],\"order\":1},{\"cells\":[{\"order\":0,\"fields\":[\"first_name\"],\"width\":\"50\"},{\"order\":1,\"fields\":[\"nachname\"],\"width\":\"50\"}],\"order\":2},{\"cells\":[{\"order\":0,\"fields\":[\"firma\"],\"width\":\"100\"}],\"order\":3},{\"cells\":[{\"order\":0,\"fields\":[\"telefon\"],\"width\":\"50\"},{\"order\":1,\"fields\":[\"fax\"],\"width\":\"50\"}],\"order\":4},{\"cells\":[{\"order\":0,\"fields\":[\"email\"],\"width\":\"100\"}],\"order\":5},{\"cells\":[{\"order\":0,\"fields\":[\"nachricht\"],\"width\":\"100\"}],\"order\":6},{\"order\":7,\"cells\":[{\"order\":0,\"fields\":[\"he_leido_y_acepto_la_less_than_a_href_https_www_navis-ag_com_es_declaracion-de-proteccion-de-datos_target_blank_greater_than_declaracion_de_proteccion_de_datos_less_than_a_greater_than_1634880403751\"],\"width\":\"100\"}]},{\"cells\":[{\"order\":0,\"fields\":[\"section_break_fld_2704408\"],\"width\":\"100\"}],\"order\":8},{\"cells\":[{\"order\":0,\"fields\":[\"absenden\"],\"width\":\"84\"},{\"order\":1,\"fields\":[\"campos_requeridos_1634880285070\"],\"width\":\"16\"}],\"order\":10}],\"calculations\":[],\"allow_public_link\":0,\"embed_form\":\"\",\"wrapper_class\":\"\",\"element_class\":\"\",\"add_submit\":1,\"currency\":\"\",\"repeatable_fieldsets\":\"\",\"unique_field_error\":\"Ein Formular mit diesem Wert wurde bereits eingereicht.\",\"not_logged_in_msg\":\"\",\"sub_limit_msg\":\"Das Formular hat sein Beitragslimit erreicht.\",\"container_styles_show_advanced_css\":0,\"title_styles_show_advanced_css\":0,\"row_styles_show_advanced_css\":0,\"row-odd_styles_show_advanced_css\":0,\"success-msg_styles_show_advanced_css\":0,\"error_msg_styles_show_advanced_css\":0,\"form_title_heading_level\":\"3\",\"ninjaForms\":\"Ninja Forms\",\"changeEmailErrorMsg\":\"Introduce una direcci\\u00f3n de correo electr\\u00f3nico v\\u00e1lida.\",\"changeDateErrorMsg\":\"\\u00a1Introduce una fecha v\\u00e1lida!\",\"confirmFieldErrorMsg\":\"Estos campos deben coincidir.\",\"fieldNumberNumMinError\":\"Error de n\\u00famero m\\u00ednimo\",\"fieldNumberNumMaxError\":\"Error de n\\u00famero m\\u00e1ximo\",\"fieldNumberIncrementBy\":\"Increm\\u00e9ntalo por \",\"fieldTextareaRTEInsertLink\":\"Insertar enlace\",\"fieldTextareaRTEInsertMedia\":\"Insertar medios\",\"fieldTextareaRTESelectAFile\":\"Seleccione un archivo\",\"formErrorsCorrectErrors\":\"Corrige los errores antes de enviar este formulario.\",\"formHoneypot\":\"Si eres un ser humano y est\\u00e1s viendo este campo, por favor d\\u00e9jalo vac\\u00edo.\",\"validateRequiredField\":\"Esto es un campo obligatorio.\",\"honeypotHoneypotError\":\"Error de Honeypot\",\"fileUploadOldCodeFileUploadInProgress\":\"Subida de archivo en curso.\",\"fileUploadOldCodeFileUpload\":\"SUBIDA DE ARCHIVO\",\"currencySymbol\":\"&#36;\",\"fieldsMarkedRequired\":\"Los campos marcados con <span class=\\\"ninja-forms-req-symbol\\\">*<\\\/span> son obligatorios\",\"thousands_sep\":\".\",\"decimal_point\":\",\",\"siteLocale\":\"es_ES\",\"dateFormat\":\"m\\\/d\\\/Y\",\"startOfWeek\":\"1\",\"of\":\"de\",\"previousMonth\":\"Mes anterior\",\"nextMonth\":\"Pr\\u00f3ximo mes\",\"months\":[\"Enero\",\"Febrero\",\"Marzo\",\"Abril\",\"Mayo\",\"Junio\",\"Julio\",\"Agosto\",\"Septiembre\",\"Octubre\",\"Noviembre\",\"Diciembre\"],\"monthsShort\":[\"Ene\",\"Feb\",\"Mar\",\"Abr\",\"Mayo\",\"Jun\",\"Jul\",\"Ago\",\"Sep\",\"Oct\",\"Nov\",\"Dic\"],\"weekdays\":[\"Domingo\",\"Lunes\",\"Martes\",\"Mi\\u00e9rcoles\",\"Jueves\",\"Viernes\",\"S\\u00e1bado\"],\"weekdaysShort\":[\"Dom\",\"Lun\",\"Mar\",\"Mi\\u00e9\",\"Jue\",\"Vie\",\"S\\u00e1b\"],\"weekdaysMin\":[\"Do\",\"Lu\",\"Ma\",\"Mi\",\"Ju\",\"Vi\",\"S\\u00e1\"],\"recaptchaConsentMissing\":\"reCaptcha validation couldn&#039;t load.\",\"recaptchaMissingCookie\":\"reCaptcha v3 validation couldn&#039;t load the cookie needed to submit the form.\",\"recaptchaConsentEvent\":\"Accept reCaptcha cookies before sending the form.\",\"currency_symbol\":\"\",\"beforeForm\":\"\",\"beforeFields\":\"\",\"afterFields\":\"\",\"afterForm\":\"\"};form.fields=[{\"objectType\":\"Field\",\"objectDomain\":\"fields\",\"editActive\":false,\"order\":1,\"idAttribute\":\"id\",\"container_class\":\"\",\"desc_text\":\"\",\"personally_identifiable\":0,\"required\":0,\"label_pos\":\"above\",\"default\":\"<h3>Contacto Con <strong>NAVIS<\\\/strong><\\\/h3>\\n\\n\",\"label\":\"CONTACTO CON NAVIS\",\"type\":\"html\",\"field_label\":\"header\",\"key\":\"contacto_con_navis_1634880229406\",\"field_key\":\"header\",\"placeholder\":\"\",\"element_class\":\"\",\"wrap_styles_border\":\"\",\"wrap_styles_width\":\"\",\"wrap_styles_margin\":\"\",\"wrap_styles_padding\":\"\",\"wrap_styles_float\":\"\",\"wrap_styles_show_advanced_css\":0,\"label_styles_border\":\"\",\"label_styles_width\":\"\",\"label_styles_font-size\":\"\",\"label_styles_margin\":\"\",\"label_styles_padding\":\"\",\"label_styles_float\":\"\",\"label_styles_show_advanced_css\":0,\"element_styles_border\":\"\",\"element_styles_width\":\"\",\"element_styles_font-size\":\"\",\"element_styles_margin\":\"\",\"element_styles_padding\":\"\",\"element_styles_float\":\"\",\"element_styles_show_advanced_css\":0,\"cellcid\":\"c3944\",\"drawerDisabled\":false,\"admin_label\":\"\",\"id\":191,\"beforeField\":\"\",\"afterField\":\"\",\"value\":\"<h3>Contacto Con <strong>NAVIS<\\\/strong><\\\/h3>\\n\\n\",\"parentType\":\"html\",\"element_templates\":[\"html\",\"input\"],\"old_classname\":\"\",\"wrap_template\":\"wrap\"},{\"objectType\":\"Field\",\"objectDomain\":\"fields\",\"editActive\":false,\"order\":2,\"idAttribute\":\"id\",\"container_class\":\"\",\"label_pos\":\"hidden\",\"required\":1,\"personally_identifiable\":0,\"desc_text\":\"\",\"default\":\"\",\"placeholder\":\"Nombre*\",\"field_key\":\"first_name\",\"key\":\"first_name\",\"field_label\":\"Vorname\",\"type\":\"textbox\",\"label\":\"Vorname\",\"element_class\":\"\",\"input_limit\":\"\",\"input_limit_type\":\"characters\",\"input_limit_msg\":\"verbleibende(s) Zeichen\",\"manual_key\":false,\"admin_label\":\"\",\"help_text\":\"\",\"mask\":\"\",\"custom_mask\":\"\",\"custom_name_attribute\":\"\",\"wrap_styles_show_advanced_css\":0,\"label_styles_show_advanced_css\":0,\"element_styles_show_advanced_css\":0,\"cellcid\":\"c3948\",\"value\":\"\",\"id\":192,\"beforeField\":\"\",\"afterField\":\"\",\"parentType\":\"textbox\",\"element_templates\":[\"textbox\",\"input\"],\"old_classname\":\"\",\"wrap_template\":\"wrap\"},{\"objectType\":\"Field\",\"objectDomain\":\"fields\",\"editActive\":false,\"order\":3,\"idAttribute\":\"id\",\"label\":\"Nachname\",\"type\":\"textbox\",\"field_label\":\"Nachname\",\"key\":\"nachname\",\"field_key\":\"nachname\",\"placeholder\":\"Apellido*\",\"default\":\"\",\"desc_text\":\"\",\"personally_identifiable\":0,\"required\":1,\"label_pos\":\"hidden\",\"container_class\":\"\",\"element_class\":\"\",\"input_limit\":\"\",\"input_limit_type\":\"characters\",\"input_limit_msg\":\"verbleibende(s) Zeichen\",\"manual_key\":false,\"admin_label\":\"\",\"help_text\":\"\",\"mask\":\"\",\"custom_mask\":\"\",\"custom_name_attribute\":\"\",\"wrap_styles_show_advanced_css\":0,\"label_styles_show_advanced_css\":0,\"element_styles_show_advanced_css\":0,\"cellcid\":\"c3950\",\"value\":\"\",\"id\":193,\"beforeField\":\"\",\"afterField\":\"\",\"parentType\":\"textbox\",\"element_templates\":[\"textbox\",\"input\"],\"old_classname\":\"\",\"wrap_template\":\"wrap\"},{\"objectType\":\"Field\",\"objectDomain\":\"fields\",\"editActive\":false,\"order\":4,\"idAttribute\":\"id\",\"label\":\"Firma\",\"type\":\"textbox\",\"field_label\":\"Firma\",\"key\":\"firma\",\"field_key\":\"firma\",\"placeholder\":\"Empresa*\",\"default\":\"\",\"desc_text\":\"\",\"personally_identifiable\":0,\"required\":1,\"label_pos\":\"hidden\",\"container_class\":\"\",\"element_class\":\"\",\"input_limit\":\"\",\"input_limit_type\":\"characters\",\"input_limit_msg\":\"verbleibende(s) Zeichen\",\"manual_key\":false,\"admin_label\":\"\",\"help_text\":\"\",\"mask\":\"\",\"custom_mask\":\"\",\"custom_name_attribute\":\"\",\"wrap_styles_show_advanced_css\":0,\"label_styles_show_advanced_css\":0,\"element_styles_show_advanced_css\":0,\"cellcid\":\"c3953\",\"value\":\"\",\"id\":194,\"beforeField\":\"\",\"afterField\":\"\",\"parentType\":\"textbox\",\"element_templates\":[\"textbox\",\"input\"],\"old_classname\":\"\",\"wrap_template\":\"wrap\"},{\"objectType\":\"Field\",\"objectDomain\":\"fields\",\"editActive\":false,\"order\":5,\"idAttribute\":\"id\",\"label\":\"Telefonnummer\",\"type\":\"textbox\",\"field_label\":\"Telefonnummer\",\"key\":\"telefon\",\"field_key\":\"telefon\",\"placeholder\":\"N\\u00famero de tel\\u00e9fono*\",\"default\":\"\",\"desc_text\":\"\",\"personally_identifiable\":0,\"required\":1,\"label_pos\":\"hidden\",\"container_class\":\"\",\"element_class\":\"\",\"input_limit\":\"\",\"input_limit_type\":\"characters\",\"input_limit_msg\":\"verbleibende(s) Zeichen\",\"manual_key\":false,\"admin_label\":\"\",\"help_text\":\"\",\"mask\":\"\",\"custom_mask\":\"\",\"custom_name_attribute\":\"\",\"wrap_styles_show_advanced_css\":0,\"label_styles_show_advanced_css\":0,\"element_styles_show_advanced_css\":0,\"cellcid\":\"c3956\",\"value\":\"\",\"id\":195,\"beforeField\":\"\",\"afterField\":\"\",\"parentType\":\"textbox\",\"element_templates\":[\"textbox\",\"input\"],\"old_classname\":\"\",\"wrap_template\":\"wrap\"},{\"objectType\":\"Field\",\"objectDomain\":\"fields\",\"editActive\":false,\"order\":6,\"idAttribute\":\"id\",\"label\":\"Fax\",\"type\":\"textbox\",\"field_label\":\"Fax\",\"key\":\"fax\",\"field_key\":\"fax\",\"placeholder\":\"N\\u00famero de fax\",\"default\":\"\",\"desc_text\":\"\",\"personally_identifiable\":0,\"required\":0,\"label_pos\":\"hidden\",\"container_class\":\"\",\"element_class\":\"\",\"input_limit\":\"\",\"input_limit_type\":\"characters\",\"input_limit_msg\":\"verbleibende(s) Zeichen\",\"manual_key\":false,\"admin_label\":\"\",\"help_text\":\"\",\"mask\":\"\",\"custom_mask\":\"\",\"custom_name_attribute\":\"\",\"wrap_styles_show_advanced_css\":0,\"label_styles_show_advanced_css\":0,\"element_styles_show_advanced_css\":0,\"cellcid\":\"c3958\",\"value\":\"\",\"id\":196,\"beforeField\":\"\",\"afterField\":\"\",\"parentType\":\"textbox\",\"element_templates\":[\"textbox\",\"input\"],\"old_classname\":\"\",\"wrap_template\":\"wrap\"},{\"objectType\":\"Field\",\"objectDomain\":\"fields\",\"editActive\":false,\"order\":7,\"idAttribute\":\"id\",\"label\":\"E-Mail Addresse\",\"type\":\"email\",\"field_label\":\"E-Mail Addresse\",\"key\":\"email\",\"field_key\":\"email\",\"placeholder\":\"Direcci\\u00f3n de correo electr\\u00f3nico\",\"default\":\"\",\"desc_text\":\"\",\"personally_identifiable\":0,\"required\":1,\"label_pos\":\"hidden\",\"container_class\":\"\",\"element_class\":\"\",\"admin_label\":\"\",\"help_text\":\"\",\"custom_name_attribute\":\"email\",\"wrap_styles_show_advanced_css\":0,\"label_styles_show_advanced_css\":0,\"element_styles_show_advanced_css\":0,\"cellcid\":\"c3961\",\"value\":\"\",\"id\":197,\"beforeField\":\"\",\"afterField\":\"\",\"parentType\":\"email\",\"element_templates\":[\"email\",\"input\"],\"old_classname\":\"\",\"wrap_template\":\"wrap\"},{\"objectType\":\"Field\",\"objectDomain\":\"fields\",\"editActive\":false,\"order\":8,\"idAttribute\":\"id\",\"label\":\"Nachricht\",\"type\":\"textarea\",\"field_label\":\"Nachricht\",\"key\":\"nachricht\",\"field_key\":\"nachricht\",\"placeholder\":\"Su mensaje\",\"default\":\"\",\"desc_text\":\"\",\"personally_identifiable\":0,\"required\":1,\"label_pos\":\"hidden\",\"container_class\":\"\",\"element_class\":\"\",\"input_limit\":\"\",\"input_limit_type\":\"characters\",\"input_limit_msg\":\"verbleibende(s) Zeichen\",\"manual_key\":false,\"admin_label\":\"\",\"help_text\":\"\",\"textarea_rte\":\"\",\"disable_rte_mobile\":\"\",\"textarea_media\":\"\",\"wrap_styles_show_advanced_css\":0,\"label_styles_show_advanced_css\":0,\"element_styles_show_advanced_css\":0,\"cellcid\":\"c3964\",\"value\":\"\",\"id\":198,\"beforeField\":\"\",\"afterField\":\"\",\"parentType\":\"textarea\",\"element_templates\":[\"textarea\",\"input\"],\"old_classname\":\"\",\"wrap_template\":\"wrap\"},{\"objectType\":\"Field\",\"objectDomain\":\"fields\",\"editActive\":false,\"order\":9,\"idAttribute\":\"id\",\"label\":\" He le\\u00eddo y acepto la <a href=\\\"https:\\\/\\\/www.navis-ag.com\\\/es\\\/declaracion-de-proteccion-de-datos\\\/\\\" target=\\\"_blank\\\"> Declaraci\\u00f3n de protecci\\u00f3n de datos<\\\/a>.\",\"type\":\"checkbox\",\"key\":\"he_leido_y_acepto_la_less_than_a_href_https_www_navis-ag_com_es_declaracion-de-proteccion-de-datos_target_blank_greater_than_declaracion_de_proteccion_de_datos_less_than_a_greater_than_1634880403751\",\"label_pos\":\"right\",\"required\":1,\"container_class\":\"\",\"element_class\":\"\",\"manual_key\":\"\",\"admin_label\":\"\",\"help_text\":\"\",\"desc_text\":\"\",\"default_value\":\"unchecked\",\"checked_value\":\"Ausgew\\u00e4hlt\",\"unchecked_value\":\"Nicht ausgew\\u00e4hlt\",\"checked_calc_value\":\"\",\"unchecked_calc_value\":\"\",\"wrap_styles_border\":\"\",\"wrap_styles_width\":\"\",\"wrap_styles_margin\":\"\",\"wrap_styles_padding\":\"\",\"wrap_styles_float\":\"\",\"wrap_styles_show_advanced_css\":0,\"label_styles_border\":\"\",\"label_styles_width\":\"\",\"label_styles_font-size\":\"\",\"label_styles_margin\":\"\",\"label_styles_padding\":\"\",\"label_styles_float\":\"\",\"label_styles_show_advanced_css\":0,\"element_styles_border\":\"\",\"element_styles_width\":\"\",\"element_styles_font-size\":\"\",\"element_styles_margin\":\"\",\"element_styles_padding\":\"\",\"element_styles_float\":\"\",\"element_styles_show_advanced_css\":0,\"cellOrder\":2,\"drawerDisabled\":false,\"saved\":false,\"nicename\":\"I have read and accepted the <a href=\\\"https:\\\/\\\/www.navis-ag.com\\\/en\\\/data-protection\\\/\\\" target=\\\"_blank\\\"> data protection declaration<\\\/a>.\",\"field_label\":\"I have read and accepted the <a href=\\\"https:\\\/\\\/www.navis-ag.com\\\/en\\\/data-protection\\\/\\\" target=\\\"_blank\\\"> data protection declaration<\\\/a>.\",\"field_key\":\"i_have_read_and_accepted_the_less_than_a_href_https_www_navis-ag_com_en_data-protection_target_blank_greater_than_data_protection_declaration_less_than_a_greater_than_1634822314906\",\"cellcid\":\"c3967\",\"id\":205,\"beforeField\":\"\",\"afterField\":\"\",\"value\":\"\",\"parentType\":\"checkbox\",\"element_templates\":[\"checkbox\",\"input\"],\"old_classname\":\"\",\"wrap_template\":\"wrap\"},{\"objectType\":\"Field\",\"objectDomain\":\"fields\",\"editActive\":false,\"order\":10,\"idAttribute\":\"id\",\"label\":\"section_break__fld_2704408\",\"type\":\"hr\",\"field_label\":\"section_break__fld_2704408\",\"key\":\"section_break_fld_2704408\",\"field_key\":\"section_break_fld_2704408\",\"placeholder\":\"\",\"default\":\"\",\"desc_text\":\"\",\"personally_identifiable\":0,\"required\":0,\"label_pos\":\"above\",\"container_class\":\"\",\"element_class\":\"\",\"wrap_styles_show_advanced_css\":0,\"element_styles_show_advanced_css\":0,\"cellcid\":\"c3970\",\"value\":\"\",\"admin_label\":\"\",\"id\":201,\"beforeField\":\"\",\"afterField\":\"\",\"parentType\":\"hr\",\"element_templates\":[\"hr\",\"input\"],\"old_classname\":\"\",\"wrap_template\":\"wrap\"},{\"objectType\":\"Field\",\"objectDomain\":\"fields\",\"editActive\":false,\"order\":12,\"idAttribute\":\"id\",\"label\":\"Enviar\",\"type\":\"submit\",\"field_label\":\"Enviar\",\"key\":\"absenden\",\"field_key\":\"absenden\",\"placeholder\":\"\",\"default\":\"\",\"desc_text\":\"\",\"personally_identifiable\":0,\"required\":0,\"label_pos\":\"above\",\"container_class\":\"\",\"processing_label\":\"Processing\",\"element_class\":\"\",\"wrap_styles_show_advanced_css\":0,\"element_styles_show_advanced_css\":0,\"submit_element_hover_styles_show_advanced_css\":0,\"cellcid\":\"c3976\",\"value\":\"\",\"admin_label\":\"\",\"id\":202,\"beforeField\":\"\",\"afterField\":\"\",\"parentType\":\"textbox\",\"element_templates\":[\"submit\",\"button\",\"input\"],\"old_classname\":\"\",\"wrap_template\":\"wrap-no-label\"},{\"objectType\":\"Field\",\"objectDomain\":\"fields\",\"editActive\":false,\"order\":13,\"idAttribute\":\"id\",\"label\":\"*Campos requeridos\",\"type\":\"html\",\"field_label\":\"html__fld_3626521\",\"key\":\"campos_requeridos_1634880285070\",\"field_key\":\"html__fld_3626521\",\"placeholder\":\"\",\"default\":\"*Campos requeridos\",\"desc_text\":\"\",\"personally_identifiable\":0,\"required\":0,\"label_pos\":\"above\",\"container_class\":\"\",\"element_class\":\"\",\"wrap_styles_border\":\"\",\"wrap_styles_width\":\"\",\"wrap_styles_margin\":\"\",\"wrap_styles_padding\":\"\",\"wrap_styles_float\":\"\",\"wrap_styles_show_advanced_css\":0,\"label_styles_border\":\"\",\"label_styles_width\":\"\",\"label_styles_font-size\":\"\",\"label_styles_margin\":\"\",\"label_styles_padding\":\"\",\"label_styles_float\":\"\",\"label_styles_show_advanced_css\":0,\"element_styles_border\":\"\",\"element_styles_width\":\"\",\"element_styles_font-size\":\"\",\"element_styles_margin\":\"\",\"element_styles_padding\":\"\",\"element_styles_float\":\"\",\"element_styles_show_advanced_css\":0,\"cellcid\":\"c3978\",\"drawerDisabled\":false,\"admin_label\":\"\",\"id\":203,\"beforeField\":\"\",\"afterField\":\"\",\"value\":\"*Campos requeridos\",\"parentType\":\"html\",\"element_templates\":[\"html\",\"input\"],\"old_classname\":\"\",\"wrap_template\":\"wrap\"},{\"objectType\":\"Field\",\"objectDomain\":\"fields\",\"editActive\":false,\"order\":\"13.0\",\"type\":\"recaptcha_v3\",\"label\":\"Hidden\",\"key\":\"recaptcha_v3\",\"default\":\"\",\"admin_label\":\"\",\"drawerDisabled\":false,\"id\":\"44420\",\"beforeField\":\"\",\"afterField\":\"\",\"value\":\"\",\"label_pos\":\"above\",\"parentType\":\"hidden\",\"element_templates\":[\"recaptcha-v3\",\"hidden\",\"input\"],\"old_classname\":\"\",\"wrap_template\":\"wrap-no-label\",\"site_key\":\"6Lfn6hMrAAAAAKR3riZYuV0mnmhqXg857LQ7-CMq\"}];nfForms.push(form);<\/script>\n                <script id=\"nf-tmpl-cell\" type=\"text\/template\">\n            <nf-fields><\/nf-fields>\n        <\/script>\n\n        <script id=\"nf-tmpl-row\" type=\"text\/template\">\n            <nf-cells><\/nf-cells>\n        <\/script>\n\n        [\/et_pb_code][\/et_pb_column][\/et_pb_row][\/et_pb_section]<\/p>\n","protected":false},"excerpt":{"rendered":"<p>CONT\u00c1CTENOS Los negocios de nuestros clientes son tan diversos como sus solicitudes de transporte. As\u00ed que no dude en contactarnos. Le ofrecemos todo el servicio de un s\u00f3lo proveedor para que usted pueda concentrarse \u00fanicamente en su especialidad. Pues es lo que mejor sabe hacer. No importa lo que necesite que movamos \u2013 nos alegramos [&hellip;]<\/p>\n","protected":false},"author":1,"featured_media":0,"parent":0,"menu_order":0,"comment_status":"open","ping_status":"open","template":"","meta":{"_et_pb_use_builder":"on","_et_pb_old_content":"","_et_gb_content_width":"","footnotes":""},"class_list":["post-3498","page","type-page","status-publish","hentry","wpautop"],"_links":{"self":[{"href":"https:\/\/www.navis-ag.com\/es\/wp-json\/wp\/v2\/pages\/3498","targetHints":{"allow":["GET"]}}],"collection":[{"href":"https:\/\/www.navis-ag.com\/es\/wp-json\/wp\/v2\/pages"}],"about":[{"href":"https:\/\/www.navis-ag.com\/es\/wp-json\/wp\/v2\/types\/page"}],"author":[{"embeddable":true,"href":"https:\/\/www.navis-ag.com\/es\/wp-json\/wp\/v2\/users\/1"}],"replies":[{"embeddable":true,"href":"https:\/\/www.navis-ag.com\/es\/wp-json\/wp\/v2\/comments?post=3498"}],"version-history":[{"count":6,"href":"https:\/\/www.navis-ag.com\/es\/wp-json\/wp\/v2\/pages\/3498\/revisions"}],"predecessor-version":[{"id":15377,"href":"https:\/\/www.navis-ag.com\/es\/wp-json\/wp\/v2\/pages\/3498\/revisions\/15377"}],"wp:attachment":[{"href":"https:\/\/www.navis-ag.com\/es\/wp-json\/wp\/v2\/media?parent=3498"}],"curies":[{"name":"wp","href":"https:\/\/api.w.org\/{rel}","templated":true}]}}