{"id":3482,"date":"2015-09-10T13:31:13","date_gmt":"2015-09-10T13:31:13","guid":{"rendered":"https:\/\/www.navis-ag.com\/es\/ueber-uns\/zertifikate\/"},"modified":"2023-04-21T19:45:29","modified_gmt":"2023-04-21T19:45:29","slug":"certificados","status":"publish","type":"page","link":"https:\/\/www.navis-ag.com\/es\/acerca-de-nosotros\/certificados\/","title":{"rendered":"Certificados"},"content":{"rendered":"<p>[et_pb_section bb_built=\u00bb1&#8243; admin_label=\u00bbsection\u00bb transparent_background=\u00bboff\u00bb allow_player_pause=\u00bboff\u00bb inner_shadow=\u00bboff\u00bb parallax=\u00bboff\u00bb parallax_method=\u00bboff\u00bb padding_mobile=\u00bboff\u00bb make_fullwidth=\u00bboff\u00bb use_custom_width=\u00bboff\u00bb width_unit=\u00bbon\u00bb make_equal=\u00bboff\u00bb use_custom_gutter=\u00bboff\u00bb custom_css_main_element=\u00bbpadding-top:50px;\u00bb custom_padding_tablet=\u00bb50px|0|50px|0&#8243; custom_padding_last_edited=\u00bbon|desktop\u00bb inner_width=\u00bb90%\u00bb inner_max_width=\u00bb1406px\u00bb prev_background_color=\u00bb#000000&#8243; next_background_color=\u00bb#000000&#8243;][et_pb_row admin_label=\u00bbrow\u00bb background_position=\u00bbtop_left\u00bb background_repeat=\u00bbrepeat\u00bb background_size=\u00bbinitial\u00bb width=\u00bb90%\u00bb max_width=\u00bb1406px\u00bb][et_pb_column type=\u00bb4_4&#8243; custom_padding__hover=\u00bb|||\u00bb custom_padding=\u00bb|||\u00bb][et_pb_text admin_label=\u00bbCERTIFICACIONES\u00bb custom_padding=\u00bb||50px|\u00bb module_alignment=\u00bbleft\u00bb background_position=\u00bbtop_left\u00bb background_repeat=\u00bbrepeat\u00bb background_size=\u00bbinitial\u00bb _builder_version=\u00bb4.20.4&#8243; text_text_shadow_horizontal_length=\u00bbtext_text_shadow_style,%91object Object%93&#8243; text_text_shadow_horizontal_length_tablet=\u00bb0px\u00bb text_text_shadow_vertical_length=\u00bbtext_text_shadow_style,%91object Object%93&#8243; text_text_shadow_vertical_length_tablet=\u00bb0px\u00bb text_text_shadow_blur_strength=\u00bbtext_text_shadow_style,%91object Object%93&#8243; text_text_shadow_blur_strength_tablet=\u00bb1px\u00bb link_text_shadow_horizontal_length=\u00bblink_text_shadow_style,%91object Object%93&#8243; link_text_shadow_horizontal_length_tablet=\u00bb0px\u00bb link_text_shadow_vertical_length=\u00bblink_text_shadow_style,%91object Object%93&#8243; link_text_shadow_vertical_length_tablet=\u00bb0px\u00bb link_text_shadow_blur_strength=\u00bblink_text_shadow_style,%91object Object%93&#8243; link_text_shadow_blur_strength_tablet=\u00bb1px\u00bb ul_text_shadow_horizontal_length=\u00bbul_text_shadow_style,%91object Object%93&#8243; ul_text_shadow_horizontal_length_tablet=\u00bb0px\u00bb ul_text_shadow_vertical_length=\u00bbul_text_shadow_style,%91object Object%93&#8243; ul_text_shadow_vertical_length_tablet=\u00bb0px\u00bb ul_text_shadow_blur_strength=\u00bbul_text_shadow_style,%91object Object%93&#8243; ul_text_shadow_blur_strength_tablet=\u00bb1px\u00bb ol_text_shadow_horizontal_length=\u00bbol_text_shadow_style,%91object Object%93&#8243; ol_text_shadow_horizontal_length_tablet=\u00bb0px\u00bb ol_text_shadow_vertical_length=\u00bbol_text_shadow_style,%91object Object%93&#8243; ol_text_shadow_vertical_length_tablet=\u00bb0px\u00bb ol_text_shadow_blur_strength=\u00bbol_text_shadow_style,%91object Object%93&#8243; ol_text_shadow_blur_strength_tablet=\u00bb1px\u00bb quote_text_shadow_horizontal_length=\u00bbquote_text_shadow_style,%91object Object%93&#8243; quote_text_shadow_horizontal_length_tablet=\u00bb0px\u00bb quote_text_shadow_vertical_length=\u00bbquote_text_shadow_style,%91object Object%93&#8243; quote_text_shadow_vertical_length_tablet=\u00bb0px\u00bb quote_text_shadow_blur_strength=\u00bbquote_text_shadow_style,%91object Object%93&#8243; quote_text_shadow_blur_strength_tablet=\u00bb1px\u00bb header_text_shadow_horizontal_length=\u00bbheader_text_shadow_style,%91object Object%93&#8243; header_text_shadow_horizontal_length_tablet=\u00bb0px\u00bb header_text_shadow_vertical_length=\u00bbheader_text_shadow_style,%91object Object%93&#8243; header_text_shadow_vertical_length_tablet=\u00bb0px\u00bb header_text_shadow_blur_strength=\u00bbheader_text_shadow_style,%91object Object%93&#8243; header_text_shadow_blur_strength_tablet=\u00bb1px\u00bb header_2_text_shadow_horizontal_length=\u00bbheader_2_text_shadow_style,%91object Object%93&#8243; header_2_text_shadow_horizontal_length_tablet=\u00bb0px\u00bb header_2_text_shadow_vertical_length=\u00bbheader_2_text_shadow_style,%91object Object%93&#8243; header_2_text_shadow_vertical_length_tablet=\u00bb0px\u00bb header_2_text_shadow_blur_strength=\u00bbheader_2_text_shadow_style,%91object Object%93&#8243; header_2_text_shadow_blur_strength_tablet=\u00bb1px\u00bb header_3_text_shadow_horizontal_length=\u00bbheader_3_text_shadow_style,%91object Object%93&#8243; header_3_text_shadow_horizontal_length_tablet=\u00bb0px\u00bb header_3_text_shadow_vertical_length=\u00bbheader_3_text_shadow_style,%91object Object%93&#8243; header_3_text_shadow_vertical_length_tablet=\u00bb0px\u00bb header_3_text_shadow_blur_strength=\u00bbheader_3_text_shadow_style,%91object Object%93&#8243; header_3_text_shadow_blur_strength_tablet=\u00bb1px\u00bb header_4_text_shadow_horizontal_length=\u00bbheader_4_text_shadow_style,%91object Object%93&#8243; header_4_text_shadow_horizontal_length_tablet=\u00bb0px\u00bb header_4_text_shadow_vertical_length=\u00bbheader_4_text_shadow_style,%91object Object%93&#8243; header_4_text_shadow_vertical_length_tablet=\u00bb0px\u00bb header_4_text_shadow_blur_strength=\u00bbheader_4_text_shadow_style,%91object Object%93&#8243; header_4_text_shadow_blur_strength_tablet=\u00bb1px\u00bb header_5_text_shadow_horizontal_length=\u00bbheader_5_text_shadow_style,%91object Object%93&#8243; header_5_text_shadow_horizontal_length_tablet=\u00bb0px\u00bb header_5_text_shadow_vertical_length=\u00bbheader_5_text_shadow_style,%91object Object%93&#8243; header_5_text_shadow_vertical_length_tablet=\u00bb0px\u00bb header_5_text_shadow_blur_strength=\u00bbheader_5_text_shadow_style,%91object Object%93&#8243; header_5_text_shadow_blur_strength_tablet=\u00bb1px\u00bb header_6_text_shadow_horizontal_length=\u00bbheader_6_text_shadow_style,%91object Object%93&#8243; header_6_text_shadow_horizontal_length_tablet=\u00bb0px\u00bb header_6_text_shadow_vertical_length=\u00bbheader_6_text_shadow_style,%91object Object%93&#8243; header_6_text_shadow_vertical_length_tablet=\u00bb0px\u00bb header_6_text_shadow_blur_strength=\u00bbheader_6_text_shadow_style,%91object Object%93&#8243; header_6_text_shadow_blur_strength_tablet=\u00bb1px\u00bb box_shadow_horizontal_tablet=\u00bb0px\u00bb box_shadow_vertical_tablet=\u00bb0px\u00bb box_shadow_blur_tablet=\u00bb40px\u00bb box_shadow_spread_tablet=\u00bb0px\u00bb z_index_tablet=\u00bb500&#8243; vertical_offset_tablet=\u00bb0&#8243; horizontal_offset_tablet=\u00bb0&#8243; background_pattern_color=\u00bbrgba(0,0,0,0.2)\u00bb background_mask_color=\u00bb#ffffff\u00bb]<\/p>\n<h1>CERTIFICACIONES DE NAVIS<\/h1>\n<h2>GESTI\u00d3N DE CALIDAD<\/h2>\n<p>La calidad del servicio siempre ha sido tradicionalmente valorada por NAVIS. En 1993 se introdujo un Sistema de Gesti\u00f3n de Calidad basado en el <strong>DIN EN ISO 9001<\/strong>. La acreditaci\u00f3n oficial por Bureau Veritas Certification se obtuvo en febrero de 1996.<br \/>El certificado ISO es v\u00e1lido para todas las sucursales y actividades correspondientes de NAVIS.<br \/>Sin embargo, la garant\u00eda de calidad m\u00e1s importante es nuestro equipo el cual se dedica a cubrir sus necesidades d\u00eda tras d\u00eda. Nuestro personal ha sido leal a nosotros por un periodo de tiempo superior a la media. Usted tambi\u00e9n se beneficia de esta lealtad. De esta forma le podemos ofrecer un caudal de experiencia.<\/p>\n<p>Su persona de contacto de hoy ser\u00e1 un socio de confianza dentro de unos a\u00f1os. La recertificaci\u00f3n m\u00e1s reciente, conforme a las \u00faltimas normas de calidad <strong>DIN EN ISO 9001:2015,<\/strong> fue otorgada por Bureau Veritas Certification Germany GmbH en abril de 2023. Las nuevas certificaciones de gesti\u00f3n de calidad ISO 9001:2015 <strong>ser\u00e1n v\u00e1lidas hasta el 19 de abril de 2026<\/strong>.<\/p>\n<p>Puede descargar los certificados actuales <a href=\"https:\/\/www.navis-ag.com\/es\/downloads\/\">aqu\u00ed<\/a> bajo el t\u00edtulo Certificados.<\/p>\n<h2>AGENTE ACREDITADO (CARGA A\u00c9REA)<\/h2>\n<p>En 2006, NAVIS (agente de carga IATA autorizado) present\u00f3 una solicitud a la Autoridad Federal Alemana de Aviaci\u00f3n para obtener el estatus de \u201cagente acreditado\u201d conforme a la ley de seguridad de carga a\u00e9rea. La sucursal de Hamburgo fue auditada satisfactoriamente por la LBA bajo el n\u00famero de autorizaci\u00f3n <strong>DE\/RAC\/00563-01<\/strong>.<\/p>\n<h2>OPERADOR ECON\u00d3MICO AUTORIZADO (AEO-F)<\/h2>\n<p>NAVIS AG, Hamburgo fue certificada por la Aduana Principal de la Ciudad de Hamburgo con efectos a <strong>12 de junio de 2009<\/strong> como \u201cOperador Econ\u00f3mico Autorizado\u201d (<strong>AEO-F<\/strong>). Este certificado es v\u00e1lido para todas las sucursales de NAVIS AG.<br \/>Con efectos a 3 de agosto de 2010, las siguientes empresas tambi\u00e9n est\u00e1n certificadas como AEO-F:<\/p>\n<p>CRETSCHMAR \u2013 NAVIS Seehafen-Spedition GmbH:\u00a0\u00a0DE AEOF 102368<\/p>\n<p>Noerpel \u2013 NAVIS GmbH: DE AEOF 102372<\/p>\n<p>La sucursal NAVIS Bremen GmbH, Bremen, obtuvo su certificaci\u00f3n AEO-F con efectos a 29 de abril de 2011 (DE AEOF 105192).<\/p>\n<p>La sucursal NAVIS Hannover GmbH, Han\u00f3ver, obtuvo su certificaci\u00f3n AEO-F con efectos a 15 de mayo de 2011 (DE AEOF 105314).<\/p>\n<p>Puede descargar los certificados actuales <a href=\"https:\/\/www.navis-ag.com\/es\/downloads\/\">aqu\u00ed<\/a> bajo el t\u00edtulo Certificados.<\/p>\n<p>[\/et_pb_text][\/et_pb_column][\/et_pb_row][\/et_pb_section]<\/p>\n","protected":false},"excerpt":{"rendered":"<p>CERTIFICACIONES DE NAVISGESTI\u00d3N DE CALIDADLa calidad del servicio siempre ha sido tradicionalmente valorada por NAVIS. En 1993 se introdujo un Sistema de Gesti\u00f3n de Calidad basado en el DIN EN ISO 9001. La acreditaci\u00f3n oficial por Bureau Veritas Certification se obtuvo en febrero de 1996.El certificado ISO es v\u00e1lido para todas las sucursales y actividades [&hellip;]<\/p>\n","protected":false},"author":1,"featured_media":0,"parent":3474,"menu_order":0,"comment_status":"open","ping_status":"open","template":"","meta":{"_et_pb_use_builder":"on","_et_pb_old_content":"","_et_gb_content_width":"","footnotes":""},"class_list":["post-3482","page","type-page","status-publish","hentry","wpautop"],"_links":{"self":[{"href":"https:\/\/www.navis-ag.com\/es\/wp-json\/wp\/v2\/pages\/3482","targetHints":{"allow":["GET"]}}],"collection":[{"href":"https:\/\/www.navis-ag.com\/es\/wp-json\/wp\/v2\/pages"}],"about":[{"href":"https:\/\/www.navis-ag.com\/es\/wp-json\/wp\/v2\/types\/page"}],"author":[{"embeddable":true,"href":"https:\/\/www.navis-ag.com\/es\/wp-json\/wp\/v2\/users\/1"}],"replies":[{"embeddable":true,"href":"https:\/\/www.navis-ag.com\/es\/wp-json\/wp\/v2\/comments?post=3482"}],"version-history":[{"count":13,"href":"https:\/\/www.navis-ag.com\/es\/wp-json\/wp\/v2\/pages\/3482\/revisions"}],"predecessor-version":[{"id":18384,"href":"https:\/\/www.navis-ag.com\/es\/wp-json\/wp\/v2\/pages\/3482\/revisions\/18384"}],"up":[{"embeddable":true,"href":"https:\/\/www.navis-ag.com\/es\/wp-json\/wp\/v2\/pages\/3474"}],"wp:attachment":[{"href":"https:\/\/www.navis-ag.com\/es\/wp-json\/wp\/v2\/media?parent=3482"}],"curies":[{"name":"wp","href":"https:\/\/api.w.org\/{rel}","templated":true}]}}