{"id":3474,"date":"2015-07-06T13:42:33","date_gmt":"2015-07-06T13:42:33","guid":{"rendered":"https:\/\/www.navis-ag.com\/es\/ueber-uns\/"},"modified":"2026-01-23T09:19:36","modified_gmt":"2026-01-23T09:19:36","slug":"acerca-de-nosotros","status":"publish","type":"page","link":"https:\/\/www.navis-ag.com\/es\/acerca-de-nosotros\/","title":{"rendered":"Acerca de nosotros"},"content":{"rendered":"<p>[et_pb_section bb_built=\u00bb1&#8243; admin_label=\u00bbsection\u00bb fullwidth=\u00bbon\u00bb _builder_version=\u00bb3.22&#8243; next_background_color=\u00bb#000000&#8243;][et_pb_fullwidth_code admin_label=\u00bbStart-Bild\u00bb module_id=\u00bbfirst-selection\u00bb]\n\t\t\t\t<p class=\"rs-p-wp-fix\"><\/p>\n\t\t\t\t<sr7-module data-alias=\"ueber-uns-spanisch\" data-id=\"29\" id=\"SR7_29_1\" class=\"rs-ov-hidden\" data-version=\"6.7.54\">\n\t\t\t\t\t<sr7-adjuster><\/sr7-adjuster>\n\t\t\t\t\t<sr7-content>\n\t\t\t\t\t\t<sr7-slide id=\"SR7_29_1-24\" data-key=\"24\">\n\t\t\t\t\t\t\t<sr7-bg id=\"SR7_29_1-24-14\" class=\"sr7-layer\"><noscript><img decoding=\"async\" src=\"https:\/\/www.navis-ag.com\/wp-content\/uploads\/2015\/09\/navis-flotte.jpg\" alt=\"\" title=\"navis-flotte\"><\/noscript><\/sr7-bg>\n\t\t\t\t\t\t\t<sr7-txt id=\"SR7_29_1-24-1\" class=\"sr7-layer\">Ya estamos All\u00ed<\/sr7-txt>\n\t\t\t\t\t\t\t<sr7-txt id=\"SR7_29_1-24-4\" class=\"sr7-layer\">Sin importar a donde vaya su carga<\/sr7-txt>\n\t\t\t\t\t\t\t<sr7-txt id=\"SR7_29_1-24-13\" class=\"sr7-layer\"><i class=\"fa-chevron-down\"><\/i>  SCROLL DOWN  <i class=\"fa-chevron-down\"><\/i><\/sr7-txt>\n\t\t\t\t\t\t<\/sr7-slide>\n\t\t\t\t\t\t<sr7-slide id=\"SR7_29_1-57\" data-key=\"57\">\n\t\t\t\t\t\t<\/sr7-slide>\n\t\t\t\t\t<\/sr7-content>\n\t\t\t\t\t<image_lists style=\"display:none\">\n\t\t\t\t\t\t<img data-src=\"\/\/www.navis-ag.com\/wp-content\/uploads\/2015\/08\/slider-bg-shadow.png\" data-libid=\"541\" title=\"slider-bg-shadow\" width=\"0\" height=\"0\" data-dbsrc=\"Ly93d3cubmF2aXMtYWcuY29tL3dwLWNvbnRlbnQvdXBsb2Fkcy8yMDE1LzA4L3NsaWRlci1iZy1zaGFkb3cucG5n\"\/>\n\t\t\t\t\t\t<img data-src=\"\/\/www.navis-ag.com\/wp-content\/uploads\/2015\/09\/navis-flotte.jpg\" width=\"0\" height=\"0\" data-dbsrc=\"Ly93d3cubmF2aXMtYWcuY29tL3dwLWNvbnRlbnQvdXBsb2Fkcy8yMDE1LzA5L25hdmlzLWZsb3R0ZS5qcGc=\"\/>\n\t\t\t\t\t<\/image_lists>\n\t\t\t\t<\/sr7-module>\n\t\t\t\t<script>\n\t\t\t\t\twindow.SR7 ??={};SR7.PMH ??={}; SR7.PMH[\"SR7_29_1\"] = {cn:100,state:false,fn: function() { if (window._tpt!==undefined && window._tpt.prepareModuleHeight !== undefined) {  _tpt.prepareModuleHeight({id:\"SR7_29_1\",el:[600,600,600,500,400],type:'standard',shdw:'0',gh:[600,600,600,500,400],gw:[1240,1240,1024,778,480],vpt:['20%&#039;,&#039;20%&#039;,&#039;20%&#039;,&#039;20%&#039;,&#039;20%'],size:{fullWidth:true, fullHeight:true},fho:',84',mh:'0',onh:0,onw:0,bg:{color:'{\"orig\":\"transparent\",\"type\":\"solid\",\"string\":\"transparent\"}'},plType:'2',plColor:'#FFFFFF'});   SR7.PMH[\"SR7_29_1\"].state=true;} else if(SR7.PMH[\"SR7_29_1\"].cn-->0)\tsetTimeout( SR7.PMH[\"SR7_29_1\"].fn,19);}};SR7.PMH[\"SR7_29_1\" ].fn();\n\t\t\t\t<\/script>\n[\/et_pb_fullwidth_code][\/et_pb_section][et_pb_section bb_built=\u00bb1&#8243; admin_label=\u00bbsection\u00bb custom_padding_last_edited=\u00bboff|desktop\u00bb _builder_version=\u00bb3.22&#8243; custom_padding_tablet=\u00bb50px|0|50px|0&#8243; custom_css_main_element=\u00bbpadding-top:100px;\u00bb transparent_background=\u00bboff\u00bb padding_mobile=\u00bboff\u00bb prev_background_color=\u00bb#000000&#8243;][et_pb_row _builder_version=\u00bb3.25&#8243; background_size=\u00bbinitial\u00bb background_position=\u00bbtop_left\u00bb background_repeat=\u00bbrepeat\u00bb column_structure=\u00bb2_3,1_3&#8243;][et_pb_column type=\u00bb2_3&#8243; _builder_version=\u00bb3.0.47&#8243; custom_padding=\u00bb|||\u00bb custom_padding__hover=\u00bb|||\u00bb][et_pb_text admin_label=\u00bbAcerca de nosotros\u00bb _builder_version=\u00bb4.27.5&#8243; background_size=\u00bbinitial\u00bb background_position=\u00bbtop_left\u00bb background_repeat=\u00bbrepeat\u00bb module_alignment=\u00bbleft\u00bb hover_enabled=\u00bb0&#8243; z_index_tablet=\u00bb500&#8243; text_text_shadow_horizontal_length_tablet=\u00bb0px\u00bb text_text_shadow_vertical_length_tablet=\u00bb0px\u00bb text_text_shadow_blur_strength_tablet=\u00bb1px\u00bb link_text_shadow_horizontal_length_tablet=\u00bb0px\u00bb link_text_shadow_vertical_length_tablet=\u00bb0px\u00bb link_text_shadow_blur_strength_tablet=\u00bb1px\u00bb ul_text_shadow_horizontal_length_tablet=\u00bb0px\u00bb ul_text_shadow_vertical_length_tablet=\u00bb0px\u00bb ul_text_shadow_blur_strength_tablet=\u00bb1px\u00bb ol_text_shadow_horizontal_length_tablet=\u00bb0px\u00bb ol_text_shadow_vertical_length_tablet=\u00bb0px\u00bb ol_text_shadow_blur_strength_tablet=\u00bb1px\u00bb quote_text_shadow_horizontal_length_tablet=\u00bb0px\u00bb quote_text_shadow_vertical_length_tablet=\u00bb0px\u00bb quote_text_shadow_blur_strength_tablet=\u00bb1px\u00bb header_text_shadow_horizontal_length_tablet=\u00bb0px\u00bb header_text_shadow_vertical_length_tablet=\u00bb0px\u00bb header_text_shadow_blur_strength_tablet=\u00bb1px\u00bb header_2_text_shadow_horizontal_length_tablet=\u00bb0px\u00bb header_2_text_shadow_vertical_length_tablet=\u00bb0px\u00bb header_2_text_shadow_blur_strength_tablet=\u00bb1px\u00bb header_3_text_shadow_horizontal_length_tablet=\u00bb0px\u00bb header_3_text_shadow_vertical_length_tablet=\u00bb0px\u00bb header_3_text_shadow_blur_strength_tablet=\u00bb1px\u00bb header_4_text_shadow_horizontal_length_tablet=\u00bb0px\u00bb header_4_text_shadow_vertical_length_tablet=\u00bb0px\u00bb header_4_text_shadow_blur_strength_tablet=\u00bb1px\u00bb header_5_text_shadow_horizontal_length_tablet=\u00bb0px\u00bb header_5_text_shadow_vertical_length_tablet=\u00bb0px\u00bb header_5_text_shadow_blur_strength_tablet=\u00bb1px\u00bb header_6_text_shadow_horizontal_length_tablet=\u00bb0px\u00bb header_6_text_shadow_vertical_length_tablet=\u00bb0px\u00bb header_6_text_shadow_blur_strength_tablet=\u00bb1px\u00bb box_shadow_horizontal_tablet=\u00bb0px\u00bb box_shadow_vertical_tablet=\u00bb0px\u00bb box_shadow_blur_tablet=\u00bb40px\u00bb box_shadow_spread_tablet=\u00bb0px\u00bb sticky_enabled=\u00bb0&#8243; background_pattern_color=\u00bbrgba(0,0,0,0.2)\u00bb background_mask_color=\u00bb#ffffff\u00bb text_text_shadow_horizontal_length=\u00bbtext_text_shadow_style,%91object Object%93&#8243; text_text_shadow_vertical_length=\u00bbtext_text_shadow_style,%91object Object%93&#8243; text_text_shadow_blur_strength=\u00bbtext_text_shadow_style,%91object Object%93&#8243; link_text_shadow_horizontal_length=\u00bblink_text_shadow_style,%91object Object%93&#8243; link_text_shadow_vertical_length=\u00bblink_text_shadow_style,%91object Object%93&#8243; link_text_shadow_blur_strength=\u00bblink_text_shadow_style,%91object Object%93&#8243; ul_text_shadow_horizontal_length=\u00bbul_text_shadow_style,%91object Object%93&#8243; ul_text_shadow_vertical_length=\u00bbul_text_shadow_style,%91object Object%93&#8243; ul_text_shadow_blur_strength=\u00bbul_text_shadow_style,%91object Object%93&#8243; ol_text_shadow_horizontal_length=\u00bbol_text_shadow_style,%91object Object%93&#8243; ol_text_shadow_vertical_length=\u00bbol_text_shadow_style,%91object Object%93&#8243; ol_text_shadow_blur_strength=\u00bbol_text_shadow_style,%91object Object%93&#8243; quote_text_shadow_horizontal_length=\u00bbquote_text_shadow_style,%91object Object%93&#8243; quote_text_shadow_vertical_length=\u00bbquote_text_shadow_style,%91object Object%93&#8243; quote_text_shadow_blur_strength=\u00bbquote_text_shadow_style,%91object Object%93&#8243; header_text_shadow_horizontal_length=\u00bbheader_text_shadow_style,%91object Object%93&#8243; header_text_shadow_vertical_length=\u00bbheader_text_shadow_style,%91object Object%93&#8243; header_text_shadow_blur_strength=\u00bbheader_text_shadow_style,%91object Object%93&#8243; header_2_text_shadow_horizontal_length=\u00bbheader_2_text_shadow_style,%91object Object%93&#8243; header_2_text_shadow_vertical_length=\u00bbheader_2_text_shadow_style,%91object Object%93&#8243; header_2_text_shadow_blur_strength=\u00bbheader_2_text_shadow_style,%91object Object%93&#8243; header_3_text_shadow_horizontal_length=\u00bbheader_3_text_shadow_style,%91object Object%93&#8243; header_3_text_shadow_vertical_length=\u00bbheader_3_text_shadow_style,%91object Object%93&#8243; header_3_text_shadow_blur_strength=\u00bbheader_3_text_shadow_style,%91object Object%93&#8243; header_4_text_shadow_horizontal_length=\u00bbheader_4_text_shadow_style,%91object Object%93&#8243; header_4_text_shadow_vertical_length=\u00bbheader_4_text_shadow_style,%91object Object%93&#8243; header_4_text_shadow_blur_strength=\u00bbheader_4_text_shadow_style,%91object Object%93&#8243; header_5_text_shadow_horizontal_length=\u00bbheader_5_text_shadow_style,%91object Object%93&#8243; header_5_text_shadow_vertical_length=\u00bbheader_5_text_shadow_style,%91object Object%93&#8243; header_5_text_shadow_blur_strength=\u00bbheader_5_text_shadow_style,%91object Object%93&#8243; header_6_text_shadow_horizontal_length=\u00bbheader_6_text_shadow_style,%91object Object%93&#8243; header_6_text_shadow_vertical_length=\u00bbheader_6_text_shadow_style,%91object Object%93&#8243; header_6_text_shadow_blur_strength=\u00bbheader_6_text_shadow_style,%91object Object%93&#8243; vertical_offset_tablet=\u00bb0&#8243; horizontal_offset_tablet=\u00bb0&#8243;]<\/p>\n<h1>ACERCA DE NOSOTROS<\/h1>\n<p>NAVIS\u00ae Schiffahrts- und Speditions-Aktiengesellschaft es un grupo de empresas activo en el sector de servicios transitarios a nivel nacional e internacional.<\/p>\n<p>NAVIS fue fundada en Hamburgo en 1956 y hoy en d\u00eda posee sucursales en Bremen, Han\u00f3ver, Freiberg (Estado Libre de Sajonia), Amberes (B\u00e9lgica) y Barcelona (Espa\u00f1a).<\/p>\n<p>NAVIS AG es una empresa familiar que posee una sociedad de cartera para sus empresas operativas. El capital social es de 1,4 millones de euros. La familia Stork adquiri\u00f3 las primeras acciones de la empresa en 1967 y es due\u00f1a actual de la misma. La familia Stork ha estado en completa posesi\u00f3n del Grupo NAVIS desde 1980. Nuestra independencia se mantiene para el beneficio de nuestros clientes.<\/p>\n<p>Asimismo, Remo Stork es el Presidente de la Junta Directiva de NAVIS AG. Por lo tanto, el grupo de empresas no es s\u00f3lo de propiedad familiar, sino tambi\u00e9n es dirigida por la familia de forma cotidiana y a lo largo de su desarrollo comercial a largo plazo. Por consiguiente, las decisiones empresariales no se ven afectadas negativamente por terceros.<\/p>\n<p>El volumen de negocios del Grupo NAVIS fue de alrededor de 70 millones de euros en 2025. Este resultado fue logrado por su plantilla de 91 empleados.<\/p>\n<p>NAVIS AG, Hamburgo posee los sistemas de gesti\u00f3n de calidad ISO 9001. Adem\u00e1s, NAVIS fue certificada como \u201cOperador Econ\u00f3mico Autorizado\u201d (AEO-F) por las autoridades aduaneras.<\/p>\n<p>En NAVIS, nuestra filosof\u00eda es ofrecer un servicio personalizado, completo y de alto nivel personal. Cada cliente es atendido por su ejecutivo de cuentas designado que est\u00e1 familiarizado con sus cuestiones de transporte, sus casos y sus requisitos. Ellos asumen la responsabilidad de la coordinaci\u00f3n y el asesoramiento en el \u00e1mbito de atenci\u00f3n al cliente y los mercados extranjeros. Tambi\u00e9n tenemos expertos en \u00e1reas especializadas como el transporte de mercanc\u00eda peligrosa. Nuestro amplio servicio hace que nuestros clientes se sientan seguros y est\u00e9n al tanto.<\/p>\n<p>[\/et_pb_text][\/et_pb_column][et_pb_column type=\u00bb1_3&#8243; _builder_version=\u00bb3.0.47&#8243; custom_padding=\u00bb|||\u00bb custom_padding__hover=\u00bb|||\u00bb][et_pb_image src=\u00bbhttps:\/\/www.navis-ag.com\/wp-content\/uploads\/2015\/07\/NAVIS-Organigram-ES.jpg\u00bb title_text=\u00bbVorstand\u00bb show_in_lightbox=\u00bbon\u00bb align=\u00bbcenter\u00bb align_tablet=\u00bbcenter\u00bb align_last_edited=\u00bbon|desktop\u00bb _builder_version=\u00bb3.23&#8243; max_width=\u00bb200px\u00bb animation_style=\u00bbslide\u00bb animation_direction=\u00bbtop\u00bb animation_duration=\u00bb500ms\u00bb animation_intensity_slide=\u00bb10%\u00bb border_style=\u00bbsolid\u00bb animation=\u00bbtop\u00bb sticky=\u00bboff\u00bb always_center_on_mobile=\u00bbon\u00bb]<\/p>\n<p>\n&nbsp;<\/p>\n<p>[\/et_pb_image][et_pb_text _builder_version=\u00bb3.27.4&#8243; background_size=\u00bbinitial\u00bb background_position=\u00bbtop_left\u00bb background_repeat=\u00bbrepeat\u00bb text_orientation=\u00bbcenter\u00bb module_alignment=\u00bbcenter\u00bb use_border_color=\u00bboff\u00bb border_color=\u00bb#ffffff\u00bb border_style=\u00bbsolid\u00bb]<\/p>\n<p>\nLa estructura organizacional de NAVIS AG<\/p>\n<p>(hacer click para ampliar)<\/p>\n<p>[\/et_pb_text][\/et_pb_column][\/et_pb_row][\/et_pb_section]<\/p>\n","protected":false},"excerpt":{"rendered":"<p>\n\t\t\t\t<p class=\"rs-p-wp-fix\"><\/p>\n\t\t\t\t<sr7-module data-alias=\"ueber-uns-spanisch\" data-id=\"29\" id=\"SR7_29_2\" class=\"rs-ov-hidden\" data-version=\"6.7.54\">\n\t\t\t\t\t<sr7-adjuster><\/sr7-adjuster>\n\t\t\t\t\t<sr7-content>\n\t\t\t\t\t\t<sr7-slide id=\"SR7_29_2-24\" data-key=\"24\">\n\t\t\t\t\t\t\t<sr7-bg id=\"SR7_29_2-24-14\" class=\"sr7-layer\"><noscript><img decoding=\"async\" src=\"https:\/\/www.navis-ag.com\/wp-content\/uploads\/2015\/09\/navis-flotte.jpg\" alt=\"\" title=\"navis-flotte\"><\/noscript><\/sr7-bg>\n\t\t\t\t\t\t\t<sr7-txt id=\"SR7_29_2-24-1\" class=\"sr7-layer\">Ya estamos All\u00ed<\/sr7-txt>\n\t\t\t\t\t\t\t<sr7-txt id=\"SR7_29_2-24-4\" class=\"sr7-layer\">Sin importar a donde vaya su carga<\/sr7-txt>\n\t\t\t\t\t\t\t<sr7-txt id=\"SR7_29_2-24-13\" class=\"sr7-layer\"><i class=\"fa-chevron-down\"><\/i>  SCROLL DOWN  <i class=\"fa-chevron-down\"><\/i><\/sr7-txt>\n\t\t\t\t\t\t<\/sr7-slide>\n\t\t\t\t\t\t<sr7-slide id=\"SR7_29_2-57\" data-key=\"57\">\n\t\t\t\t\t\t<\/sr7-slide>\n\t\t\t\t\t<\/sr7-content>\n\t\t\t\t\t<image_lists style=\"display:none\">\n\t\t\t\t\t\t<img data-src=\"\/\/www.navis-ag.com\/wp-content\/uploads\/2015\/08\/slider-bg-shadow.png\" data-libid=\"541\" title=\"slider-bg-shadow\" width=\"0\" height=\"0\" data-dbsrc=\"Ly93d3cubmF2aXMtYWcuY29tL3dwLWNvbnRlbnQvdXBsb2Fkcy8yMDE1LzA4L3NsaWRlci1iZy1zaGFkb3cucG5n\"\/>\n\t\t\t\t\t\t<img data-src=\"\/\/www.navis-ag.com\/wp-content\/uploads\/2015\/09\/navis-flotte.jpg\" width=\"0\" height=\"0\" data-dbsrc=\"Ly93d3cubmF2aXMtYWcuY29tL3dwLWNvbnRlbnQvdXBsb2Fkcy8yMDE1LzA5L25hdmlzLWZsb3R0ZS5qcGc=\"\/>\n\t\t\t\t\t<\/image_lists>\n\t\t\t\t<\/sr7-module>\n\t\t\t\t<script>\n\t\t\t\t\twindow.SR7 ??={};SR7.PMH ??={}; SR7.PMH[\"SR7_29_2\"] = {cn:100,state:false,fn: function() { if (window._tpt!==undefined && window._tpt.prepareModuleHeight !== undefined) {  _tpt.prepareModuleHeight({id:\"SR7_29_2\",el:[600,600,600,500,400],type:'standard',shdw:'0',gh:[600,600,600,500,400],gw:[1240,1240,1024,778,480],vpt:['20%&#039;,&#039;20%&#039;,&#039;20%&#039;,&#039;20%&#039;,&#039;20%'],size:{fullWidth:true, fullHeight:true},fho:',84',mh:'0',onh:0,onw:0,bg:{color:'{\"orig\":\"transparent\",\"type\":\"solid\",\"string\":\"transparent\"}'},plType:'2',plColor:'#FFFFFF'});   SR7.PMH[\"SR7_29_2\"].state=true;} else if(SR7.PMH[\"SR7_29_2\"].cn-->0)\tsetTimeout( SR7.PMH[\"SR7_29_2\"].fn,19);}};SR7.PMH[\"SR7_29_2\" ].fn();\n\t\t\t\t<\/script>\n ACERCA DE NOSOTROSNAVIS\u00ae Schiffahrts- und Speditions-Aktiengesellschaft es un grupo de empresas activo en el sector de servicios transitarios a nivel nacional e internacional.NAVIS fue fundada en Hamburgo en 1956 y hoy en d\u00eda posee sucursales en Bremen, Han\u00f3ver, Freiberg (Estado Libre de Sajonia), Amberes (B\u00e9lgica) y Barcelona (Espa\u00f1a).NAVIS AG es una empresa familiar [&hellip;]<\/p>\n","protected":false},"author":1,"featured_media":0,"parent":0,"menu_order":0,"comment_status":"open","ping_status":"open","template":"page-template-stickyNavi.php","meta":{"_et_pb_use_builder":"on","_et_pb_old_content":"","_et_gb_content_width":"","footnotes":""},"class_list":["post-3474","page","type-page","status-publish","hentry","wpautop"],"_links":{"self":[{"href":"https:\/\/www.navis-ag.com\/es\/wp-json\/wp\/v2\/pages\/3474","targetHints":{"allow":["GET"]}}],"collection":[{"href":"https:\/\/www.navis-ag.com\/es\/wp-json\/wp\/v2\/pages"}],"about":[{"href":"https:\/\/www.navis-ag.com\/es\/wp-json\/wp\/v2\/types\/page"}],"author":[{"embeddable":true,"href":"https:\/\/www.navis-ag.com\/es\/wp-json\/wp\/v2\/users\/1"}],"replies":[{"embeddable":true,"href":"https:\/\/www.navis-ag.com\/es\/wp-json\/wp\/v2\/comments?post=3474"}],"version-history":[{"count":20,"href":"https:\/\/www.navis-ag.com\/es\/wp-json\/wp\/v2\/pages\/3474\/revisions"}],"predecessor-version":[{"id":23199,"href":"https:\/\/www.navis-ag.com\/es\/wp-json\/wp\/v2\/pages\/3474\/revisions\/23199"}],"wp:attachment":[{"href":"https:\/\/www.navis-ag.com\/es\/wp-json\/wp\/v2\/media?parent=3474"}],"curies":[{"name":"wp","href":"https:\/\/api.w.org\/{rel}","templated":true}]}}