{"id":3469,"date":"2015-09-02T14:02:08","date_gmt":"2015-09-02T14:02:08","guid":{"rendered":"https:\/\/www.navis-ag.com\/es\/luftfracht\/auf-leisen-sohlen\/"},"modified":"2016-05-04T09:00:24","modified_gmt":"2016-05-04T09:00:24","slug":"seguro-y-fiable","status":"publish","type":"page","link":"https:\/\/www.navis-ag.com\/es\/transporte-aereo\/seguro-y-fiable\/","title":{"rendered":"Seguro y fiable"},"content":{"rendered":"<div class=\"storyteller\" id=\"storyteller-shoes\" style=\"\">\r\n<section class=\"story-section waypoint waypoint-1\" id=\"parallax-giraffe\" style=\"\"><img decoding=\"async\" title=\"\" alt=\"Giraffe\" class=\"section-background\" src=\"https:\/\/www.navis-ag.com\/wp-content\/uploads\/2015\/09\/Schuhsohle-1-kurz.jpg\" \/>\r\n<div class=\"scene story-element story-element-text main-text-giraffe\" id=\"main-text-giraffe\" style=\"text-align: center;top: 30%; color: #143366;\">\r\n\r\n<p id=\"\" class=\"roof-line\" style=\"\">De Hong Kong a Berl\u00edn<\/p>\r\n<h2 style=\"color: #143366;\">UN TRAYECTO DE 8.737 <strong>KIL\u00d3METROS<\/strong><\/h2>\r\nObviamente no efectuamos el transporte a pie, pero est\u00e1bamos muy cerca en cuanto a este env\u00edo \u2013 al menos en lo que se refiere a la mercanc\u00eda en cuesti\u00f3n. Transportamos 29.500 kg de suelas de zapato por v\u00eda a\u00e9rea de Hong Kong a Berl\u00edn para un fabricante de zapatos de origen alem\u00e1n.\r\n\r\n<\/div>\r\n<\/section>\r\n\r\n<section class=\"story-section waypoint waypoint-2\" id=\"parallax-park\" style=\"margin-top: -8%;\"><img decoding=\"async\" title=\"\" alt=\"park\" class=\"section-background\" src=\"https:\/\/www.navis-ag.com\/wp-content\/uploads\/2015\/09\/flieger-min.png\" \/>\r\n\r\n<div class=\"scene story-element story-element-text park-text\" id=\"park-text\" style=\"text-align: center;top: 20%; font-size: 40px; font-style: italic; max-width: 80%; margin-left: -40%; color: #143366;left: auto; right: -100%;\">\r\n<h2>TRANSPORTAMOS TODO LO QUE USTED Y SUS PIES PUEDAN DESEAR<\/h2>\r\n<\/div>\r\n\r\n<div class=\"scene story-element story-element-text china-text-left\" id=\"china-text-left\" style=\"text-italic; max-width: 50%; margin-left: 0; left: 110px; right: auto; top: 68%; text-shadow: 1px 2px 2px rgba(0, 0, 0, 0.9);left: -100%; right: auto;\">\r\n<p id=\"\" class=\"roof-line\" style=\"\">Descripci\u00f3n de la carga<\/p>\r\n<h2 class=\"p1\">NAVIS DA ALAS A LOS ZAPATOS<\/h2>\r\n<p class=\"p1\">Que nos contacte un fabricante de zapatos de renombre para asistirle en el transporte y la log\u00edstica de su mercanc\u00eda nos complace mucho. Transportamos 147.500 suelas de zapato de 29.500 kg en total de Hong Kong a Berl\u00edn. Para ser exactos, el env\u00edo estaba constituido por suelas largas, medias suelas y suelas de cu\u00f1a.<\/p>\r\n<p class=\"p1\">Hab\u00eda algo adecuado para cada ocasi\u00f3n: suelas para hombres y mujeres.<\/p>\r\n<\/div>\r\n\r\n<div id=\"countup-wrapper\" class=\"st-wrap hide-mobile\" style=\"position: absolute; top: 40%; left: 75px; right: 75px; height: 360px;\">\r\n<div class=\"scene story-element story-element-circle countup-height\" id=\"countup-height\" style=\"top: auto; bottom: 130px; left: 0; margin-left: 85px; color: #143366;\"><div class=\"canvas-container\"><canvas id=\"#countup-height canvas\" width=\"170\" height=\"170\">No Canvas available<\/canvas><div class=\"canvas-inner\"><div class=\"text-wrapper\"><span class=\"before-value\">Suelas de zapato:<\/span><br \/><span data-from=\"0\" data-to=\"29500\" class=\"value\">0<\/span><br \/><span class=\"after-value\">kilogramos<\/span><\/div><\/div><\/div><\/div>\r\n\r\n<div class=\"scene story-element story-element-circle countup-width\" id=\"countup-width\" style=\"top: auto; bottom: 130px; left:50%; margin-left: -85px; color: #143366;\"><div class=\"canvas-container\"><canvas id=\"#countup-width canvas\" width=\"170\" height=\"170\">No Canvas available<\/canvas><div class=\"canvas-inner\"><div class=\"text-wrapper\"><span class=\"before-value\">Distancia:<\/span><br \/><span data-from=\"0\" data-to=\"8737\" class=\"value\">0<\/span><br \/><span class=\"after-value\">kil\u00f3metros<\/span><\/div><\/div><\/div><\/div>\r\n\r\n<div class=\"scene story-element story-element-circle countup-weight\" id=\"countup-weight\" style=\"top: auto; bottom: 130px; left:auto; right:0; margin-left: 0px; margin-right: 85px; color: #143366;\"><div class=\"canvas-container\"><canvas id=\"#countup-weight canvas\" width=\"170\" height=\"170\">No Canvas available<\/canvas><div class=\"canvas-inner\"><div class=\"text-wrapper\"><span class=\"before-value\">Duraci\u00f3n del vuelo:<\/span><br \/><span data-from=\"0\" data-to=\"720\" class=\"value\">0<\/span><br \/><span class=\"after-value\">minutos<\/span><\/div><\/div><\/div><\/div>\r\n<\/div>\r\n\r\n<\/section>\r\n\r\n<section class=\"story-section waypoint waypoint-3\" id=\"section-facts\" style=\"margin-top: 0px;\"><img decoding=\"async\" title=\"\" alt=\"Facts\" class=\"section-background\" src=\"https:\/\/www.navis-ag.com\/wp-content\/uploads\/2015\/09\/Grafik-bg.jpg\" \/>\r\n\r\n<div class=\"scene story-element story-element-text grafik-text-left\" id=\"grafik-text-left\" style=\"max-width: 80%; margin-left: -40%; text-align: center;top: 18%; color: #143366;left: auto; right: -100%;\">\r\n<p id=\"\" class=\"roof-line\" style=\"\">Transporte de Hong Kong a Berl\u00edn<\/p>\r\n<h2 class=\"p1\" style=\"color: #143366;\">\u00c1GIL POR LOS CIELOS<\/h2>\r\n<p class=\"p1\">Este env\u00edo de transporte a\u00e9reo exig\u00eda superar la distancia de 8.737 kil\u00f3metros. Este trayecto dur\u00f3 720 minutos. Adem\u00e1s del transporte a\u00e9reo, tambi\u00e9n nos encargamos de la recogida y entrega de la mercanc\u00eda, el embalaje apto para el transporte de carga a\u00e9rea, la emisi\u00f3n de los documentos de transporte y la realizaci\u00f3n de controles de seguridad. Como puede ver, NAVIS ofrece un proceso de transporte sin problemas con el fin de garantizar una entrega r\u00e1pida de la carga en destino.<\/p>\r\n<\/div>\r\n\r\n<div class=\"scene story-element story-element-fill fill-giraffe\" id=\"fill-giraffe\" style=\"top: 270px; height: 220px; margin-left: 0; left: 0; right: 0; max-width: 100%;\" data-width=\"850px\"><div class=\"colorizer reset-width\" style=\"width:850px\"><div class=\"to-colorize uncolored-image\" style=\"left: 0;bottom: 0;\"><img decoding=\"async\" class=\"reset-width\" src=\"https:\/\/www.navis-ag.com\/wp-content\/uploads\/2015\/09\/grafik-grau.png\" title=\"\" alt=\"\" style=\"max-width: 850px;\" \/><\/div><div class=\"to-colorize colored-image\" style=\"height: 100%;;left: 0;bottom: 0;\"><img decoding=\"async\" class=\"reset-width\" src=\"https:\/\/www.navis-ag.com\/wp-content\/uploads\/2015\/09\/grafik-blau.png\" title=\"\" alt=\"\" style=\"max-width: 850px\" \/><\/div><\/div>\r\n\r\n<\/section>\r\n\r\n<section class=\"story-section waypoint waypoint-4\" id=\"section-last\" style=\"top: 18%;\"><img decoding=\"async\" title=\"\" alt=\"\" class=\"section-background\" src=\"https:\/\/www.navis-ag.com\/wp-content\/uploads\/2015\/09\/verladung.jpg\" \/>\r\n<div class=\"scene story-element story-element-text last-text\" id=\"last-text\" style=\"text-align: center; max-width: 30%; margin-left: -15%; top: 28%; text-shadow: 1px 2px 2px rgba(0, 0, 0, 0.9);left: -100%; right: auto;\">\r\n<p class=\"p1\">Al llegar a Berl\u00edn, la mercanc\u00eda se descarg\u00f3 y transbord\u00f3 a camiones para el transporte suplementario a la f\u00e1brica de zapatos del cliente. Qui\u00e9n sabe, tal vez usted ya est\u00e9 llevando dos de las suelas que nosotros transportamos.\u00a0Comodidad garantizada.<\/p>\r\n<\/div>\r\n\r\n<\/section>\r\n\r\n<\/div>","protected":false},"excerpt":{"rendered":"","protected":false},"author":1,"featured_media":0,"parent":3459,"menu_order":0,"comment_status":"open","ping_status":"open","template":"storyteller.php","meta":{"_et_pb_use_builder":"off","_et_pb_old_content":"","_et_gb_content_width":"","footnotes":""},"class_list":["post-3469","page","type-page","status-publish","hentry","no-wpautop"],"_links":{"self":[{"href":"https:\/\/www.navis-ag.com\/es\/wp-json\/wp\/v2\/pages\/3469","targetHints":{"allow":["GET"]}}],"collection":[{"href":"https:\/\/www.navis-ag.com\/es\/wp-json\/wp\/v2\/pages"}],"about":[{"href":"https:\/\/www.navis-ag.com\/es\/wp-json\/wp\/v2\/types\/page"}],"author":[{"embeddable":true,"href":"https:\/\/www.navis-ag.com\/es\/wp-json\/wp\/v2\/users\/1"}],"replies":[{"embeddable":true,"href":"https:\/\/www.navis-ag.com\/es\/wp-json\/wp\/v2\/comments?post=3469"}],"version-history":[{"count":3,"href":"https:\/\/www.navis-ag.com\/es\/wp-json\/wp\/v2\/pages\/3469\/revisions"}],"predecessor-version":[{"id":3473,"href":"https:\/\/www.navis-ag.com\/es\/wp-json\/wp\/v2\/pages\/3469\/revisions\/3473"}],"up":[{"embeddable":true,"href":"https:\/\/www.navis-ag.com\/es\/wp-json\/wp\/v2\/pages\/3459"}],"wp:attachment":[{"href":"https:\/\/www.navis-ag.com\/es\/wp-json\/wp\/v2\/media?parent=3469"}],"curies":[{"name":"wp","href":"https:\/\/api.w.org\/{rel}","templated":true}]}}