{"id":3453,"date":"2015-09-06T17:25:46","date_gmt":"2015-09-06T17:25:46","guid":{"rendered":"https:\/\/www.navis-ag.com\/es\/landverkehr\/reise-einer-giraffe\/"},"modified":"2017-09-20T16:19:15","modified_gmt":"2017-09-20T16:19:15","slug":"el-viaje-de-una-jirafa","status":"publish","type":"page","link":"https:\/\/www.navis-ag.com\/es\/transporte-terrestre\/el-viaje-de-una-jirafa\/","title":{"rendered":"El viaje de una jirafa"},"content":{"rendered":"<div class=\"storyteller\" id=\"storyteller-giraffe\" style=\"\">\r\n<section class=\"story-section waypoint waypoint-1\" id=\"parallax-giraffe\" style=\"\"><img decoding=\"async\" title=\"\" alt=\"Giraffe\" class=\"section-background\" src=\"https:\/\/www.navis-ag.com\/wp-content\/uploads\/2015\/09\/layer1.jpg\" \/>\r\n<div class=\"scene story-element story-element-text main-text-giraffe\" id=\"main-text-giraffe\" style=\"text-align: center;top: 40%; text-shadow: 1px 2px 2px rgba(0, 0, 0, 0.9);\">\r\n\r\n<p id=\"\" class=\"roof-line\" style=\"\">De Hamburgo a Barcelona<\/p>\r\n<h2>EL TRANSPORTE DE UNA<strong> JIRAFA DE MADERA<\/strong><\/h2>\r\nNAVIS Schifffahrts- und Speditions-AG tambi\u00e9n garantiza que los ni\u00f1os se beneficien de los servicios prestados. Un parque infantil en Barcelona, por ejemplo, estaba a la espera de recibir una jirafa, pero no se trataba de una jirafa de verdad, sino m\u00e1s bien de una jirafa de madera hecha por un artista hamburgu\u00e9s. A pesar del hecho que la jirafa haya sido de madera y no de verdad, el transporte no fue f\u00e1cil.\r\n\r\n<\/div>\r\n<\/section>\r\n\r\n<section class=\"story-section waypoint waypoint-2\" id=\"parallax-park\" style=\"margin-top: -15%;\"><img decoding=\"async\" title=\"\" alt=\"Park\" class=\"section-background\" src=\"https:\/\/www.navis-ag.com\/wp-content\/uploads\/2015\/09\/layer2.png\" \/>\r\n\r\n<div class=\"scene story-element story-element-text park-text\" id=\"park-text\" style=\"text-align: center;top: 40%; font-style: italic; max-width: 80%; margin-left: -40%; text-shadow: 1px 2px 2px rgba(0, 0, 0, 0.7);left: auto; right: -100%;\">\r\n<h2>HACEMOS POSIBLE LO IMPOSIBLE PARA LA FELICIDAD DE LOS NI\u00d1OS<\/h2>\r\n<\/div>\r\n\r\n<\/section>\r\n\r\n<section class=\"story-section waypoint waypoint-3\" id=\"section-wall\" style=\"margin-top: -17%;\"><img decoding=\"async\" title=\"\" alt=\"Mauer\" class=\"section-background\" src=\"https:\/\/www.navis-ag.com\/wp-content\/uploads\/2015\/09\/layer3.png\" \/>\r\n\r\n<div class=\"scene story-element story-element-text wall-text full-size-mobile-lt-768\" id=\"wall-text-right\" style=\"max-width: 40%; margin-left: 0; top: 33%; right: 100px; text-shadow: 1px 2px 2px rgba(0, 0, 0, 0.9);left: auto; right: -100%;\">\r\n<p id=\"\" class=\"roof-line\" style=\"\">Ampliaci\u00f3n de un parque infantil<\/p>\r\n<h2><strong>MUCHA<\/strong> DIVERSI\u00d3N<\/h2>\r\nUn artista hamburgu\u00e9s cre\u00f3 una jirafa de madera de tres metros de alto para un parque infantil ubicado en el centro de Barcelona.\r\nNAVIS se encarg\u00f3 de transportar la jirafa a Barcelona para que los visitantes del parque puedan disfrutar de este juguete extraordinario.\u00a0El transporte iba a ser problem\u00e1tico debido al dise\u00f1o del gran objeto de madera. El mayor reto ser\u00eda transportar la jirafa en una sola pieza. Naturalmente NAVIS asumi\u00f3 el reto.\r\n\r\n<\/div>\r\n\r\n<\/section>\r\n\r\n<section class=\"story-section waypoint waypoint-4\" id=\"section-facts\" style=\"margin-top: -10px;\"><img decoding=\"async\" title=\"\" alt=\"Facts\" class=\"section-background\" src=\"https:\/\/www.navis-ag.com\/wp-content\/uploads\/2015\/09\/holz-Layer-4.jpg\" \/>\r\n\r\n<div class=\"scene story-element story-element-text giraffe-text-left full-size-mobile-lt-768\" id=\"giraffe-text-left\" style=\"max-width: 40%; margin-left: 0; top: 14%; left: 6%; text-shadow: 1px 2px 2px rgba(0, 0, 0, 0.9);left: -100%; right: auto;\">\r\n<p id=\"\" class=\"roof-line\" style=\"\">Descripci\u00f3n de la carga<\/p>\r\n<h2 class=\"p1\">EL <strong>DESAF\u00cdO<\/strong><\/h2>\r\n<p class=\"p1\">La jirafa de tres metros de alto fue hecha de madera de olivo para resistir los fuertes golpes. Este material es resistente a la intemperie, muy estable y, por ende, ofrece una gran durabilidad.<\/p>\r\nLa jirafa fue dise\u00f1ada y elaborada a partir de dos pedazos de madera. La jirafa fue montada previamente en Hamburgo ya que no era posible ensamblarla en Barcelona. En consecuencia, nuestros transportistas enfrentaban el gran desaf\u00edo de trasladar el objeto extraordinario en una sola pieza desde Hamburgo hasta Barcelona (una distancia de 1.800 kil\u00f3metros). Realizando la entrega en el tiempo acordado y en buen estado, por supuesto.\r\n\r\n<\/div>\r\n\r\n<div id=\"\" class=\"st-wrap hide-mobile\" style=\"position: absolute; bottom: 0px; left: 75px; right: 75px; height: 360px; border-top: solid 1px #fff;\">\r\n<div class=\"scene story-element story-element-circle countup-height\" id=\"countup-height\" style=\"top: auto; bottom: 36%; left: 0; margin-left: 85px;\"><div class=\"canvas-container\"><canvas id=\"#countup-height canvas\" width=\"170\" height=\"170\">No Canvas available<\/canvas><div class=\"canvas-inner\"><div class=\"text-wrapper\"><span class=\"before-value\">Altura:<\/span><br \/><span data-from=\"0\" data-to=\"3000\" class=\"value\">0<\/span><br \/><span class=\"after-value\">mil\u00edmetros<\/span><\/div><\/div><\/div><\/div>\r\n\r\n<div class=\"scene story-element story-element-circle countup-width\" id=\"countup-width\" style=\"top: auto; bottom: 36%; left:50%; margin-left: -85px;\"><div class=\"canvas-container\"><canvas id=\"#countup-width canvas\" width=\"170\" height=\"170\">No Canvas available<\/canvas><div class=\"canvas-inner\"><div class=\"text-wrapper\"><span class=\"before-value\">Ancho:<\/span><br \/><span data-from=\"0\" data-to=\"1500\" class=\"value\">0<\/span><br \/><span class=\"after-value\">mil\u00edmetros<\/span><\/div><\/div><\/div><\/div>\r\n\r\n<div class=\"scene story-element story-element-circle countup-weight\" id=\"countup-weight\" style=\"top: auto; bottom: 36%; left:auto; right:0; margin-left: 0px; ; margin-right: 85px;\"><div class=\"canvas-container\"><canvas id=\"#countup-weight canvas\" width=\"170\" height=\"170\">No Canvas available<\/canvas><div class=\"canvas-inner\"><div class=\"text-wrapper\"><span class=\"before-value\">Peso:<\/span><br \/><span data-from=\"0\" data-to=\"970\" class=\"value\">0<\/span><br \/><span class=\"after-value\">kilogramos<\/span><\/div><\/div><\/div><\/div>\r\n<\/div>\r\n\r\n<div class=\"scene story-element story-element-fill fill-giraffe hide-lt-768\" id=\"fill-giraffe\" style=\"background-image: url(https:\/\/www.navis-ag.com\/wp-content\/uploads\/2015\/09\/diagramm-bg.png); width: 516px; height: 532px; top: 18%; right: 80px; left: auto;\" data-width=\"254px\"><div class=\"colorizer reset-width\" style=\"width:254px\"><div class=\"to-colorize uncolored-image\" style=\"left: 30%;bottom: 11%;\"><img decoding=\"async\" class=\"reset-width\" src=\"https:\/\/www.navis-ag.com\/wp-content\/uploads\/2015\/09\/giraffe.png\" title=\"\" alt=\"\" style=\"max-width: 254px;\" \/><\/div><div class=\"to-colorize colored-image\" style=\"width: 100%;;left: 30%;bottom: 11%;\"><img decoding=\"async\" class=\"reset-width\" src=\"https:\/\/www.navis-ag.com\/wp-content\/uploads\/2015\/09\/Giraffe-color.png\" title=\"\" alt=\"\" style=\"max-width: 254px\" \/><\/div><\/div>\r\n\r\n<\/section>\r\n\r\n<section class=\"story-section waypoint waypoint-5\" id=\"section-last\" style=\"margin-top: -10px;\"><img decoding=\"async\" title=\"\" alt=\"\" class=\"section-background\" src=\"https:\/\/www.navis-ag.com\/wp-content\/uploads\/2015\/09\/layer5.jpg\" \/>\r\n\r\n<div class=\"scene story-element story-element-text last-text-left full-size-mobile-lt-768\" id=\"last-text-left\" style=\"max-width: 40%; margin-left: 0; top: 9%; left: 6%;left: -100%; right: auto;\">\r\n<p id=\"\" class=\"roof-line\" style=\"\">Trayecto: Hamburgo-Barcelona<\/p>\r\n<h2 class=\"p1\"><strong>A TODA M\u00c1QUINA<\/strong> AL LUGAR DE ENTREGA<\/h2>\r\n<p class=\"p1\">A pesar de tener que atravesar un tramo de alrededor de 1.800 kil\u00f3metros, la intenci\u00f3n de hacer felices a los ni\u00f1os motiv\u00f3 a nuestro personal a entregar la jirafa lo antes posible. El itinerario llev\u00f3 a nuestros transportistas por el trayecto a trav\u00e9s de Alemania y Francia rumbo a Barcelona. Se lleg\u00f3 al destino tras un viaje de alrededor de 25 horas (excluyendo los descansos). El resultado: misi\u00f3n cumplida sin ning\u00fan incidente en particular.<\/p>\r\n<\/div>\r\n\r\n<div class=\"scene story-element story-element-image giraffe-head\" id=\"giraffe-head\" style=\"max-width: 50%; margin-left: 0; top: 9%; right: -100px;left: auto;width: ;height: \"><img decoding=\"async\" src=\"https:\/\/www.navis-ag.com\/wp-content\/uploads\/2015\/09\/Layer-6-giraffe-min.png\" style=\"width: ; height: auto;\" \/><\/div>\r\n\r\n<div class=\"scene story-element story-element-iframe giraffe-map hide-mobile\" id=\"giraffe-map\" style=\"max-width: 40%; margin-left: 0; left: 110px; top: 28%;width: 536px;height: 392px\"><iframe src=\"https:\/\/www.google.com\/maps\/embed?pb=!1m24!1m8!1m3!1d10758214.736049863!2d2.0294749687499936!3d48.82927130260368!3m2!1i1024!2i768!4f13.1!4m13!3e0!4m5!1s0x47b161837e1813b9%3A0x4263df27bd63aa0!2sHamburg%2C+Germany!3m2!1d53.551084599999996!2d9.9936819!4m5!1s0x12a49816718e30e5%3A0x44b0fb3d4f47660a!2sBarcelona%2C+Spain!3m2!1d41.3850639!2d2.1734035!5e0!3m2!1sen!2sus!4v1505924073936?hl=es\" style=\"width: 536px; height: 392px;margin-top: 392px\" ><\/iframe><\/div>\r\n\r\n<div class=\"scene story-element story-element-text last-text-right\" id=\"last-text-right\" style=\"max-width: 35%; margin-left: 0; top: auto; bottom: 24%; right: 60px; left: auto;left: auto; right: -100%;\">\r\n<p id=\"\" class=\"roof-line\" style=\"\">Misi\u00f3n cumplida<\/p>\r\n<h2>ES HORA DE JUGAR<\/h2>\r\nDespu\u00e9s de llegar a Barcelona, la jirafa de madera se descarg\u00f3 profesionalmente por los ingenieros para posteriormente montarla en el parque infantil.\r\nEl hecho de que la jirafa se transportara en una sola pieza agiliz\u00f3 el proceso de instalaci\u00f3n. Por consiguiente, los ni\u00f1os pudieron jugar con la jirafa de madera casi al instante. Diversi\u00f3n asegurada.\r\n\r\n<\/div>\r\n\r\n<\/section>\r\n<\/div>","protected":false},"excerpt":{"rendered":"<p><div class=\"storyteller\" id=\"storyteller-giraffe\" style=\"\"><\/div> <section class=\"story-section waypoint waypoint-1\" id=\"parallax-giraffe\" style=\"\"><img decoding=\"async\" title=\"\" alt=\"Giraffe\" class=\"section-background\" src=\"https:\/\/www.navis-ag.com\/wp-content\/uploads\/2015\/09\/layer1.jpg\" \/><\/section> <div class=\"scene story-element story-element-text main-text-giraffe\" id=\"main-text-giraffe\" style=\"text-align: center;top: 40%; text-shadow: 1px 2px 2px rgba(0, 0, 0, 0.9);\"><\/div> <p id=\"\" class=\"roof-line\" style=\"\">De Hamburgo a Barcelona<\/p> EL TRANSPORTE DE UNA JIRAFA DE MADERA NAVIS Schifffahrts- und Speditions-AG tambi\u00e9n garantiza que los ni\u00f1os se beneficien de los servicios prestados. Un parque infantil en Barcelona, [&hellip;]<\/p>\n","protected":false},"author":1,"featured_media":0,"parent":3442,"menu_order":0,"comment_status":"open","ping_status":"open","template":"storyteller.php","meta":{"_et_pb_use_builder":"on","_et_pb_old_content":"","_et_gb_content_width":"","footnotes":""},"class_list":["post-3453","page","type-page","status-publish","hentry","no-wpautop"],"_links":{"self":[{"href":"https:\/\/www.navis-ag.com\/es\/wp-json\/wp\/v2\/pages\/3453","targetHints":{"allow":["GET"]}}],"collection":[{"href":"https:\/\/www.navis-ag.com\/es\/wp-json\/wp\/v2\/pages"}],"about":[{"href":"https:\/\/www.navis-ag.com\/es\/wp-json\/wp\/v2\/types\/page"}],"author":[{"embeddable":true,"href":"https:\/\/www.navis-ag.com\/es\/wp-json\/wp\/v2\/users\/1"}],"replies":[{"embeddable":true,"href":"https:\/\/www.navis-ag.com\/es\/wp-json\/wp\/v2\/comments?post=3453"}],"version-history":[{"count":4,"href":"https:\/\/www.navis-ag.com\/es\/wp-json\/wp\/v2\/pages\/3453\/revisions"}],"predecessor-version":[{"id":6248,"href":"https:\/\/www.navis-ag.com\/es\/wp-json\/wp\/v2\/pages\/3453\/revisions\/6248"}],"up":[{"embeddable":true,"href":"https:\/\/www.navis-ag.com\/es\/wp-json\/wp\/v2\/pages\/3442"}],"wp:attachment":[{"href":"https:\/\/www.navis-ag.com\/es\/wp-json\/wp\/v2\/media?parent=3453"}],"curies":[{"name":"wp","href":"https:\/\/api.w.org\/{rel}","templated":true}]}}