{"id":3438,"date":"2015-09-02T14:01:38","date_gmt":"2015-09-02T14:01:38","guid":{"rendered":"https:\/\/www.navis-ag.com\/es\/seefracht\/die-reise-eines-bieres\/"},"modified":"2017-09-20T16:24:49","modified_gmt":"2017-09-20T16:24:49","slug":"el-viaje-de-una-cerveza","status":"publish","type":"page","link":"https:\/\/www.navis-ag.com\/es\/transporte-maritimo\/el-viaje-de-una-cerveza\/","title":{"rendered":"El viaje de una cerveza"},"content":{"rendered":"<div class=\"storyteller\" id=\"storyteller-beer\" style=\"\"> <section class=\"story-section waypoint waypoint-1\" id=\"parallax-giraffe\" style=\"\"><img decoding=\"async\" title=\"\" alt=\"Schiff\" class=\"section-background\" src=\"https:\/\/www.navis-ag.com\/wp-content\/uploads\/2015\/09\/schiff-layer-min.jpg\" \/> <div class=\"scene story-element story-element-text main-text-giraffe\" id=\"main-text-giraffe\" style=\"text-align: center;top: 22%; color: #143366;\"> <p id=\"\" class=\"roof-line\" style=\"\">Transporte desde Amberes, B\u00e9lgica hasta Veracruz, M\u00e9xico<\/p>\r\n<h2 style=\"color: #143366;\">220.000 <strong>PASAJEROS FR\u00c1GILES<\/strong><\/h2>\r\nYa sea pilsen, cerveza de trigo o cerveza artesanal, la cerveza es una de las bebidas preferidas de los alemanes. La cerveza tambi\u00e9n es muy popular en otras culturas, especialmente en B\u00e9lgica, el pa\u00eds con la mayor cantidad de cervecer\u00edas en Europa y conocido por su producci\u00f3n de cerveza de calidad. El arte cervecero belga de larga tradici\u00f3n tambi\u00e9n tiene consumidores en Am\u00e9rica. Debido a esto, tuvimos la oportunidad de transportar 220.000 botellas de cerveza artesanal desde Amberes hasta M\u00e9xico para un cliente americano. <\/div> <\/section> <section class=\"story-section waypoint waypoint-2\" id=\"parallax-park\" style=\"margin-top: -20px;\"><img decoding=\"async\" title=\"\" alt=\"hopfen\" class=\"section-background\" src=\"https:\/\/www.navis-ag.com\/wp-content\/uploads\/2015\/09\/hopfen.jpg\" \/> <div class=\"scene story-element story-element-text beer-headline\" id=\"park-text\" style=\"text-align: center; top: 3%; font-size: 40px; max-width: 80%; margin-left: -40%; color: #143366; font-style: italic;left: auto; right: -100%;\">\r\n<h2 style=\"color: #143366;\">YA SEAN TURBINAS E\u00d3LICAS ENORMES O COMPONENTES DIMINUTOS, NO ES CUESTI\u00d3N DE QU\u00c9, SINO DE CU\u00c1NDO Y A D\u00d3NDE<\/h2>\r\n<\/div> <div class=\"scene story-element story-element-text hopfen-text\" id=\"hopfen-text\" style=\"text-align: center; top: 25%; max-width: 34%; margin-left: -17%; color: #143366;left: -100%; right: auto;\"> <p id=\"\" class=\"roof-line\" style=\"\">El arte cervecero belga<\/p>\r\n<h2 style=\"color: #143366;\"><strong>DEL CAMPO<\/strong> AL MAR<\/h2>\r\nLa cerveza artesanal elegida por el cliente fue producida en varias peque\u00f1as f\u00e1bricas en B\u00e9lgica. Nuestra sucursal de Amberes organiz\u00f3 el transporte al puerto, la manipulaci\u00f3n del contenedor y el embarque del mismo y le dio el debido seguimiento en todo momento. Gracias al trabajo profesional de nuestros compa\u00f1eros amberinos, la fr\u00e1gil carga pudo completar su viaje mar\u00edtimo de 9.075 kil\u00f3metros con destino a Veracruz, M\u00e9xico. <\/div> <div class=\"scene story-element story-element-image hopfen-left\" id=\"hopfen-left\" style=\"max-width: 50%; margin-left: 0; right:auto; left: -300px; top: 10%;width: ;height: \"><img decoding=\"async\" src=\"https:\/\/www.navis-ag.com\/wp-content\/uploads\/2015\/09\/hopfen-layer-min.png\" style=\"width: ; height: auto;\" \/><\/div> <div class=\"scene story-element story-element-image hopfen-right\" id=\"hopfen-right\" style=\"max-width: 50%; margin-right: 0; left:auto; right: -300px; top: 10%;width: ;height: \"><img decoding=\"async\" src=\"https:\/\/www.navis-ag.com\/wp-content\/uploads\/2015\/09\/hopfen-layer-right-min.png\" style=\"width: ; height: auto;\" \/><\/div> <\/section> <section class=\"story-section waypoint waypoint-3\" id=\"section-wall\" style=\"margin-top: -18%;\"><img decoding=\"async\" title=\"\" alt=\"Mauer\" class=\"section-background\" src=\"https:\/\/www.navis-ag.com\/wp-content\/uploads\/2015\/09\/Bier-Gif-min.gif\" \/> <\/section> <section class=\"story-section waypoint waypoint-5\" id=\"grafik\" style=\"margin-top: -10px;\"><img decoding=\"async\" title=\"\" alt=\"\" class=\"section-background\" src=\"https:\/\/www.navis-ag.com\/wp-content\/uploads\/2015\/09\/bier-bg.jpg\" \/> <div class=\"scene story-element story-element-text grafik-text\" id=\"grafik-text\" style=\"text-align: center;top: 14%; width:70%;\"> <p id=\"\" class=\"roof-line\" style=\"\">Carga valiosa<\/p>\r\n<h2><strong>660<\/strong> <strong>BA\u00d1ERAS<\/strong> DE CERVEZA<\/h2>\r\n<\/div> <div class=\"scene story-element story-element-text grafik-text-2 hide-mobile\" id=\"grafik-text-2\" style=\"text-align: center; top: 65%;\"> El producto elegido por nuestro americano amante de la cerveza estaba compuesto exclusivamente por la as\u00ed denominada cerveza artesanal. La cerveza artesanal goza cada vez de mayor popularidad a nivel mundial. Se trata de una creaci\u00f3n por cervecer\u00edas peque\u00f1as, la cual es producida en lotes peque\u00f1os. Los cerveceros utilizan ingredientes que fueron cuidadosamente seleccionados y cumplen con las normas actuales. Si bien este tipo de cerveza es producida basada en recetas y procesos de elaboraci\u00f3n tradicionales, la creatividad de los cerveceros ha llevado al descubrimiento de sabores nuevos y m\u00e1s fuertes. Debido al delicado proceso de fabricaci\u00f3n y a la peque\u00f1a cantidad producida, este tipo de cerveza es m\u00e1s costoso que la cerveza pilsen. Por otra parte, la cerveza fue embotellada en botellas de vidrio y, por ende, se debi\u00f3 efectuar el transporte con mucha precauci\u00f3n para as\u00ed poder garantizar la entrega segura de la mercanc\u00eda. <\/div> <div class=\"scene story-element story-element-fill fill-giraffe\" id=\"fill-giraffe\" style=\"height: 233px; max-width: 100%;top: 22%; left: 0; right: 0; margin-left: 0;\" data-width=\"750px\"><div class=\"colorizer reset-width\" style=\"width:750px\"><div class=\"to-colorize uncolored-image\" style=\"left: 0;bottom: 0;\"><img decoding=\"async\" class=\"reset-width\" src=\"https:\/\/www.navis-ag.com\/wp-content\/uploads\/2015\/09\/tank-leer.png\" title=\"\" alt=\"\" style=\"max-width: 750px;\" \/><\/div><div class=\"to-colorize colored-image\" style=\"width: 100%;;left: 0;bottom: 0;\"><img decoding=\"async\" class=\"reset-width\" src=\"https:\/\/www.navis-ag.com\/wp-content\/uploads\/2015\/09\/tank-voll-min.png\" title=\"\" alt=\"\" style=\"max-width: 750px\" \/><\/div><\/div> <\/section> <section class=\"story-section waypoint waypoint-5\" id=\"section-last\" style=\"margin-top: -10px;\"><img decoding=\"async\" title=\"\" alt=\"Ladung\" class=\"section-background\" src=\"https:\/\/www.navis-ag.com\/wp-content\/uploads\/2015\/09\/ladung.jpg\" \/> <div class=\"scene story-element story-element-text last-text-left\" id=\"last-text-left\" style=\"max-width: 35%; text-shadow: 1px 2px 2px rgba(0, 0, 0, 0.9); margin-left: 0; top: 14%; right: 14%; left: auto;left: auto; right: -100%;\"> <p id=\"\" class=\"roof-line\" style=\"\">Llegada a Veracruz, M\u00e9xico<\/p>\r\n<h2 class=\"p1\"><strong>SALUD<\/strong><\/h2>\r\n<p class=\"p1\">ITras llegar al puerto de Veracruz, la fr\u00e1gil carga fue recibida por nuestro personal. Posteriormente, la mercanc\u00eda fue descargada de manera profesional para la ejecuci\u00f3n del transporte suplementario. El resultado: ning\u00fan pasajero se rompi\u00f3 y la mercanc\u00eda lleg\u00f3 a tiempo. Deleite garantizado.<\/p>\r\n<\/div> <div class=\"scene story-element story-element-iframe giraffe-map hide-mobile\" id=\"giraffe-map\" style=\"max-width: 40%; margin-left: 0; right: 110px; top: 45%;width: 536px;height: 392px\"><iframe src=\"https:\/\/www.google.com\/maps\/embed?pb=!1m24!1m8!1m3!1d53418324.051508695!2d-45.86588!3d35.19661!3m2!1i1024!2i768!4f13.1!4m13!3e0!4m5!1s0x85c3414245ca78c5%3A0x18a4d642e936019b!2sHeroica+Veracruz%2C+Veracruz%2C+Mexico!3m2!1d19.173773!2d-96.1342241!4m5!1s0x47c3f68ebfc3887d%3A0x3eaf448482a88ab8!2sAntwerp%2C+Belgium!3m2!1d51.2194475!2d4.4024643!5e0!3m2!1sen!2sus!4v1505924501078\" style=\"width: 536px; height: 392px;margin-top: 392px\" ><\/iframe><\/div> <\/section> <\/div>","protected":false},"excerpt":{"rendered":"<p><div class=\"storyteller\" id=\"storyteller-beer\" style=\"\"><\/div> <section class=\"story-section waypoint waypoint-1\" id=\"parallax-giraffe\" style=\"\"><img decoding=\"async\" title=\"\" alt=\"Schiff\" class=\"section-background\" src=\"https:\/\/www.navis-ag.com\/wp-content\/uploads\/2015\/09\/schiff-layer-min.jpg\" \/><\/section> <div class=\"scene story-element story-element-text main-text-giraffe\" id=\"main-text-giraffe\" style=\"text-align: center;top: 22%; color: #143366;\"><\/div> <p id=\"\" class=\"roof-line\" style=\"\">Transporte desde Amberes, B\u00e9lgica hasta Veracruz, M\u00e9xico<\/p> 220.000 PASAJEROS FR\u00c1GILES Ya sea pilsen, cerveza de trigo o cerveza artesanal, la cerveza es una de las bebidas preferidas de los alemanes. La cerveza tambi\u00e9n es muy popular en otras culturas, especialmente [&hellip;]<\/p>\n","protected":false},"author":1,"featured_media":0,"parent":3429,"menu_order":0,"comment_status":"open","ping_status":"open","template":"storyteller.php","meta":{"_et_pb_use_builder":"on","_et_pb_old_content":"","_et_gb_content_width":"","footnotes":""},"class_list":["post-3438","page","type-page","status-publish","hentry","no-wpautop"],"_links":{"self":[{"href":"https:\/\/www.navis-ag.com\/es\/wp-json\/wp\/v2\/pages\/3438","targetHints":{"allow":["GET"]}}],"collection":[{"href":"https:\/\/www.navis-ag.com\/es\/wp-json\/wp\/v2\/pages"}],"about":[{"href":"https:\/\/www.navis-ag.com\/es\/wp-json\/wp\/v2\/types\/page"}],"author":[{"embeddable":true,"href":"https:\/\/www.navis-ag.com\/es\/wp-json\/wp\/v2\/users\/1"}],"replies":[{"embeddable":true,"href":"https:\/\/www.navis-ag.com\/es\/wp-json\/wp\/v2\/comments?post=3438"}],"version-history":[{"count":10,"href":"https:\/\/www.navis-ag.com\/es\/wp-json\/wp\/v2\/pages\/3438\/revisions"}],"predecessor-version":[{"id":6256,"href":"https:\/\/www.navis-ag.com\/es\/wp-json\/wp\/v2\/pages\/3438\/revisions\/6256"}],"up":[{"embeddable":true,"href":"https:\/\/www.navis-ag.com\/es\/wp-json\/wp\/v2\/pages\/3429"}],"wp:attachment":[{"href":"https:\/\/www.navis-ag.com\/es\/wp-json\/wp\/v2\/media?parent=3438"}],"curies":[{"name":"wp","href":"https:\/\/api.w.org\/{rel}","templated":true}]}}