{"id":10005,"date":"2020-03-25T10:20:51","date_gmt":"2020-03-25T10:20:51","guid":{"rendered":"https:\/\/www.navis-ag.com\/acerca-de-nosotros\/sostenibilidad\/"},"modified":"2020-08-28T09:06:14","modified_gmt":"2020-08-28T09:06:14","slug":"sostenibilidad","status":"publish","type":"page","link":"https:\/\/www.navis-ag.com\/es\/acerca-de-nosotros\/sostenibilidad\/","title":{"rendered":"Sostenibilidad"},"content":{"rendered":"<p>[et_pb_section bb_built=\u00bb1&#8243; inner_width=\u00bb90%\u00bb inner_max_width=\u00bb1406px\u00bb][et_pb_row _builder_version=\u00bb3.0.78&#8243; width=\u00bb90%\u00bb max_width=\u00bb1406px\u00bb][et_pb_column type=\u00bb4_4&#8243; custom_padding__hover=\u00bb|||\u00bb custom_padding=\u00bb|||\u00bb][et_pb_text admin_label=\u00bbSostenibilidad\u00bb _builder_version=\u00bb4.5.6&#8243; text_text_shadow_horizontal_length=\u00bbtext_text_shadow_style,%91object Object%93&#8243; text_text_shadow_horizontal_length_tablet=\u00bb0px\u00bb text_text_shadow_vertical_length=\u00bbtext_text_shadow_style,%91object Object%93&#8243; text_text_shadow_vertical_length_tablet=\u00bb0px\u00bb text_text_shadow_blur_strength=\u00bbtext_text_shadow_style,%91object Object%93&#8243; text_text_shadow_blur_strength_tablet=\u00bb1px\u00bb link_text_shadow_horizontal_length=\u00bblink_text_shadow_style,%91object Object%93&#8243; link_text_shadow_horizontal_length_tablet=\u00bb0px\u00bb link_text_shadow_vertical_length=\u00bblink_text_shadow_style,%91object Object%93&#8243; link_text_shadow_vertical_length_tablet=\u00bb0px\u00bb link_text_shadow_blur_strength=\u00bblink_text_shadow_style,%91object Object%93&#8243; link_text_shadow_blur_strength_tablet=\u00bb1px\u00bb ul_text_shadow_horizontal_length=\u00bbul_text_shadow_style,%91object Object%93&#8243; ul_text_shadow_horizontal_length_tablet=\u00bb0px\u00bb ul_text_shadow_vertical_length=\u00bbul_text_shadow_style,%91object Object%93&#8243; ul_text_shadow_vertical_length_tablet=\u00bb0px\u00bb ul_text_shadow_blur_strength=\u00bbul_text_shadow_style,%91object Object%93&#8243; ul_text_shadow_blur_strength_tablet=\u00bb1px\u00bb ol_text_shadow_horizontal_length=\u00bbol_text_shadow_style,%91object Object%93&#8243; ol_text_shadow_horizontal_length_tablet=\u00bb0px\u00bb ol_text_shadow_vertical_length=\u00bbol_text_shadow_style,%91object Object%93&#8243; ol_text_shadow_vertical_length_tablet=\u00bb0px\u00bb ol_text_shadow_blur_strength=\u00bbol_text_shadow_style,%91object Object%93&#8243; ol_text_shadow_blur_strength_tablet=\u00bb1px\u00bb quote_text_shadow_horizontal_length=\u00bbquote_text_shadow_style,%91object Object%93&#8243; quote_text_shadow_horizontal_length_tablet=\u00bb0px\u00bb quote_text_shadow_vertical_length=\u00bbquote_text_shadow_style,%91object Object%93&#8243; quote_text_shadow_vertical_length_tablet=\u00bb0px\u00bb quote_text_shadow_blur_strength=\u00bbquote_text_shadow_style,%91object Object%93&#8243; quote_text_shadow_blur_strength_tablet=\u00bb1px\u00bb header_text_shadow_horizontal_length=\u00bbheader_text_shadow_style,%91object Object%93&#8243; header_text_shadow_horizontal_length_tablet=\u00bb0px\u00bb header_text_shadow_vertical_length=\u00bbheader_text_shadow_style,%91object Object%93&#8243; header_text_shadow_vertical_length_tablet=\u00bb0px\u00bb header_text_shadow_blur_strength=\u00bbheader_text_shadow_style,%91object Object%93&#8243; header_text_shadow_blur_strength_tablet=\u00bb1px\u00bb header_2_text_shadow_horizontal_length=\u00bbheader_2_text_shadow_style,%91object Object%93&#8243; header_2_text_shadow_horizontal_length_tablet=\u00bb0px\u00bb header_2_text_shadow_vertical_length=\u00bbheader_2_text_shadow_style,%91object Object%93&#8243; header_2_text_shadow_vertical_length_tablet=\u00bb0px\u00bb header_2_text_shadow_blur_strength=\u00bbheader_2_text_shadow_style,%91object Object%93&#8243; header_2_text_shadow_blur_strength_tablet=\u00bb1px\u00bb header_3_text_shadow_horizontal_length=\u00bbheader_3_text_shadow_style,%91object Object%93&#8243; header_3_text_shadow_horizontal_length_tablet=\u00bb0px\u00bb header_3_text_shadow_vertical_length=\u00bbheader_3_text_shadow_style,%91object Object%93&#8243; header_3_text_shadow_vertical_length_tablet=\u00bb0px\u00bb header_3_text_shadow_blur_strength=\u00bbheader_3_text_shadow_style,%91object Object%93&#8243; header_3_text_shadow_blur_strength_tablet=\u00bb1px\u00bb header_4_text_shadow_horizontal_length=\u00bbheader_4_text_shadow_style,%91object Object%93&#8243; header_4_text_shadow_horizontal_length_tablet=\u00bb0px\u00bb header_4_text_shadow_vertical_length=\u00bbheader_4_text_shadow_style,%91object Object%93&#8243; header_4_text_shadow_vertical_length_tablet=\u00bb0px\u00bb header_4_text_shadow_blur_strength=\u00bbheader_4_text_shadow_style,%91object Object%93&#8243; header_4_text_shadow_blur_strength_tablet=\u00bb1px\u00bb header_5_text_shadow_horizontal_length=\u00bbheader_5_text_shadow_style,%91object Object%93&#8243; header_5_text_shadow_horizontal_length_tablet=\u00bb0px\u00bb header_5_text_shadow_vertical_length=\u00bbheader_5_text_shadow_style,%91object Object%93&#8243; header_5_text_shadow_vertical_length_tablet=\u00bb0px\u00bb header_5_text_shadow_blur_strength=\u00bbheader_5_text_shadow_style,%91object Object%93&#8243; header_5_text_shadow_blur_strength_tablet=\u00bb1px\u00bb header_6_text_shadow_horizontal_length=\u00bbheader_6_text_shadow_style,%91object Object%93&#8243; header_6_text_shadow_horizontal_length_tablet=\u00bb0px\u00bb header_6_text_shadow_vertical_length=\u00bbheader_6_text_shadow_style,%91object Object%93&#8243; header_6_text_shadow_vertical_length_tablet=\u00bb0px\u00bb header_6_text_shadow_blur_strength=\u00bbheader_6_text_shadow_style,%91object Object%93&#8243; header_6_text_shadow_blur_strength_tablet=\u00bb1px\u00bb box_shadow_horizontal_tablet=\u00bb0px\u00bb box_shadow_vertical_tablet=\u00bb0px\u00bb box_shadow_blur_tablet=\u00bb40px\u00bb box_shadow_spread_tablet=\u00bb0px\u00bb z_index_tablet=\u00bb500&#8243; vertical_offset_tablet=\u00bb0&#8243; horizontal_offset_tablet=\u00bb0&#8243;]<\/p>\n<h1><strong>NAVIS SE COMPROMETE CON LA PROTECCI\u00d3N CLIM\u00c1TICA<\/strong><\/h1>\n<p><strong>El transporte de mercanc\u00edas <\/strong>y la log\u00edstica son <strong>los pilares del comercio internacional<\/strong> y la divisi\u00f3n global del trabajo. El rendimiento del transporte ha aumentado constantemente durante a\u00f1os, ya que la industria, el comercio minorista y los consumidores de hoy esperan que los productos y bienes est\u00e9n disponibles permanentemente en cualquier momento y en cualquier lugar. Esto significa que el tr\u00e1fico sigue siendo un importante emisor de gases de efecto invernadero. Los \u00e9xitos espec\u00edficos en la reducci\u00f3n de emisiones debido a innovaciones t\u00e9cnicas y mejoras en el proceso log\u00edstico han sido compensados \u200b\u200bhasta ahora una y otra vez mediante el aumento de la demanda de transporte de carga y un r\u00e1pido crecimiento en el transporte privado global.<\/p>\n<p>Como proveedor de servicios de expedici\u00f3n y log\u00edstica, <strong>NAVIS<\/strong> organiza el transporte de carga nacional e internacional. Somos conscientes de los impactos ambientales asociados en las \u00e1reas de energ\u00eda, aire, agua, suelo, desechos y ruido. Trabajamos continuamente para prevenir la <strong>contaminaci\u00f3n ambiental<\/strong> en la medida de lo posible, o al menos para <strong>minimizarla<\/strong> cuando esto no sea posible. Estamos comprometidos con nuestra responsabilidad de proteger el medio ambiente y <strong>el clima<\/strong> y continuaremos nuestros esfuerzos para optimizar continuamente nuestros procesos, incluso con aplicaciones digitales, para lograr eficiencia y <strong>compatibilidad ambiental<\/strong>.<\/p>\n<p>La protecci\u00f3n del clima en el transporte de carga depende principalmente de las <strong>innovaciones<\/strong> en la construcci\u00f3n naval, la industria de la aviaci\u00f3n y los veh\u00edculos comerciales y el sector energ\u00e9tico, as\u00ed como de los <strong>requisitos de la pol\u00edtica<\/strong> y las instituciones internacionales. Por ejemplo, la <strong><a href=\"http:\/\/www.imo.org\/en\/Pages\/Default.aspx\">Organizaci\u00f3n Mar\u00edtima Internacional (OMI)<\/a><\/strong> lleva mucho tiempo trabajando para reducir los efectos nocivos del transporte mar\u00edtimo en el medio ambiente. El acuerdo <strong>MARPOL \u00ab<a href=\"http:\/\/www.imo.org\/en\/MediaCentre\/HotTopics\/Pages\/Sulphur-2020.aspx\">IMO 2020<\/a>\u00ab<\/strong> para reducir las emisiones de los buques estipul\u00f3 que a partir del 1 de enero de 2020, solo los combustibles con un <strong>contenido m\u00e1ximo de azufre del 0,5%<\/strong> en lugar de los 3.5 anteriores se pueden utilizar a bordo de los buques. % puede tener.<\/p>\n<p>El <strong>c\u00e1lculo de las emisiones de gases de efecto invernadero<\/strong> y el <strong>consumo de energ\u00eda<\/strong> en el transporte de mercanc\u00edas y la log\u00edstica son una ayuda para el conocimiento y la base para reducir las emisiones. Solo cuando se puede determinar el alcance real de las emisiones autogeneradas, puede usarse para derivar estrategias de reducci\u00f3n o evitaci\u00f3n.<\/p>\n<p>NAVIS utiliza la herramienta <strong><a href=\"https:\/\/www.ecotransit.org\/index.de.html\">EcoTransIT World<\/a><\/strong> para calcular la huella de carbono de un solo env\u00edo. EcoTransIT World identifica los efectos del transporte de carga en t\u00e9rminos de consumo directo de energ\u00eda y emisiones al operar veh\u00edculos para transportar mercanc\u00edas. Sin embargo, los c\u00e1lculos tambi\u00e9n incluyen el consumo indirecto de energ\u00eda y las emisiones indirectas (que surgen durante la generaci\u00f3n, transporte y distribuci\u00f3n de energ\u00eda) que se requieren para la operaci\u00f3n de los veh\u00edculos. El <strong><a href=\"https:\/\/www.iml.fraunhofer.de\/en.html\">Instituto Fraunhofer para Flujo de Materiales y Log\u00edstica IML<\/a><\/strong>, entre otras cosas, aporta su experiencia en la evaluaci\u00f3n de emisiones de ubicaciones log\u00edsticas como un socio met\u00f3dico.<\/p>\n<p>Sin embargo, las medidas sostenibles de los tomadores de decisiones pol\u00edticas en todo el mundo son cruciales para la protecci\u00f3n del clima global. NAVIS, por lo tanto, acoge con benepl\u00e1cito el acuerdo del gobierno federal alem\u00e1n sobre puntos clave para el <strong>programa de protecci\u00f3n clim\u00e1tica 2030<\/strong>. Para que Alemania, como lugar log\u00edstico, no se cargue unilateralmente, las palancas legales (impuesto sobre el CO2, la integraci\u00f3n del tr\u00e1fico en un sistema de comercio de emisiones u otras medidas), al menos europeo, si no se crea a nivel mundial. Los pr\u00f3ximos diez a\u00f1os determinar\u00e1n si un cambio en el tr\u00e1fico tendr\u00e1 \u00e9xito. Por lo tanto, si el escenario de <strong>cero emisiones se puede lograr para 2050<\/strong> (carga limpia) depender\u00e1 no solo de la capacidad innovadora de la industria, sino tambi\u00e9n de una transici\u00f3n energ\u00e9tica exitosa.<\/p>\n<p>\u00a0<\/p>\n<h2>SISTEMA DE GESTI\u00d3N MEDIOAMBIENTAL<\/h2>\n<p>Queremos evitar la contaminaci\u00f3n ambiental y reducir las emisiones de carbono al m\u00ednimo para proteger los recursos naturales y cumplir con las regulaciones ambientales en vigor. El EN ISO 14001 se utiliz\u00f3 como directriz para el desarrollo de nuestro sistema de gesti\u00f3n medioambiental. Sin embargo, no est\u00e1 previsto obtener una certificaci\u00f3n conforme a esta norma, ya que NAVIS no posee su propia flota de camiones.<\/p>\n<p>Su persona de contacto: Sr. Heino Beimgraben (Gerente de Gesti\u00f3n de Calidad).<\/p>\n<p>[\/et_pb_text][\/et_pb_column][\/et_pb_row][\/et_pb_section]<\/p>\n","protected":false},"excerpt":{"rendered":"<p>NAVIS SE COMPROMETE CON LA PROTECCI\u00d3N CLIM\u00c1TICAEl transporte de mercanc\u00edas y la log\u00edstica son los pilares del comercio internacional y la divisi\u00f3n global del trabajo. El rendimiento del transporte ha aumentado constantemente durante a\u00f1os, ya que la industria, el comercio minorista y los consumidores de hoy esperan que los productos y bienes est\u00e9n disponibles permanentemente [&hellip;]<\/p>\n","protected":false},"author":6,"featured_media":0,"parent":3474,"menu_order":0,"comment_status":"closed","ping_status":"closed","template":"","meta":{"_et_pb_use_builder":"on","_et_pb_old_content":"El transporte de mercanc\u00edas y la log\u00edstica son los pilares del comercio internacional y la divisi\u00f3n global del trabajo. El rendimiento del transporte  ha aumentado constantemente durante a\u00f1os, ya que la industria, el comercio minorista y los consumidores de hoy esperan que los productos y bienes est\u00e9n disponibles permanentemente en cualquier momento y en cualquier lugar. Esto significa que el tr\u00e1fico sigue siendo un importante emisor de gases de efecto invernadero. Los \u00e9xitos espec\u00edficos en la reducci\u00f3n de emisiones debido a innovaciones t\u00e9cnicas y mejoras en el proceso log\u00edstico han sido compensados hasta ahora una y otra vez mediante el aumento de la demanda de transporte de carga y un r\u00e1pido crecimiento en el transporte privado global.\r\n \r\nComo proveedor de servicios de expedici\u00f3n y log\u00edstica, NAVIS organiza el transporte de carga nacional e internacional. Somos conscientes de los impactos ambientales asociados en las \u00e1reas de energ\u00eda, aire, agua, suelo, desechos y ruido. Trabajamos continuamente para prevenir la contaminaci\u00f3n ambiental en la medida de lo posible, o al menos para minimizarla cuando esto no sea posible. Estamos comprometidos con nuestra responsabilidad de proteger el medio ambiente y el clima y continuaremos nuestros esfuerzos para optimizar continuamente nuestros procesos, incluso con aplicaciones digitales, para lograr eficiencia y compatibilidad ambiental.\r\n \r\nLa protecci\u00f3n del clima en el transporte de carga depende principalmente de las innovaciones en la construcci\u00f3n naval, la industria de la aviaci\u00f3n y los veh\u00edculos comerciales y el sector energ\u00e9tico, as\u00ed como de los requisitos de la pol\u00edtica y las instituciones internacionales. Por ejemplo, la Organizaci\u00f3n Mar\u00edtima Internacional (OMI) lleva mucho tiempo trabajando para reducir los efectos nocivos del transporte mar\u00edtimo en el medio ambiente. El acuerdo MARPOL \"IMO 2020\" para reducir las emisiones de los buques estipul\u00f3 que a partir del 1 de enero de 2020, solo los combustibles con un contenido m\u00e1ximo de azufre del 0,5% en lugar de los 3.5 anteriores se pueden utilizar a bordo de los buques. % puede tener.\r\n \r\nEl c\u00e1lculo de las emisiones de gases de efecto invernadero y el consumo de energ\u00eda en el transporte de mercanc\u00edas y la log\u00edstica son una ayuda para el conocimiento y la base para reducir las emisiones. Solo cuando se puede determinar el alcance real de las emisiones autogeneradas, puede usarse para derivar estrategias de reducci\u00f3n o evitaci\u00f3n.**\r\n \r\nNAVIS utiliza la herramienta EcoTransIT World para calcular la huella de carbono de un solo env\u00edo. EcoTransIT World identifica los efectos del transporte de carga en t\u00e9rminos de consumo directo de energ\u00eda y emisiones al operar veh\u00edculos para transportar mercanc\u00edas. Sin embargo, los c\u00e1lculos tambi\u00e9n incluyen el consumo indirecto de energ\u00eda y las emisiones indirectas (que surgen durante la generaci\u00f3n, transporte y distribuci\u00f3n de energ\u00eda) que se requieren para la operaci\u00f3n de los veh\u00edculos. El Instituto Fraunhofer para Flujo de Materiales y Log\u00edstica IML, entre otras cosas, aporta su experiencia en la evaluaci\u00f3n de emisiones de ubicaciones log\u00edsticas como un socio met\u00f3dico.\r\n \r\nSin embargo, las medidas sostenibles de los tomadores de decisiones pol\u00edticas en todo el mundo son cruciales para la protecci\u00f3n del clima global. NAVIS, por lo tanto, acoge con benepl\u00e1cito el acuerdo del gobierno federal alem\u00e1n sobre puntos clave para el programa de protecci\u00f3n clim\u00e1tica 2030. Para que Alemania, como lugar log\u00edstico, no se cargue unilateralmente, las palancas legales (impuesto sobre el CO2, la integraci\u00f3n del tr\u00e1fico en un sistema de comercio de emisiones u otras medidas), al menos europeo, si no se crea a nivel mundial. Los pr\u00f3ximos diez a\u00f1os determinar\u00e1n si un cambio en el tr\u00e1fico tendr\u00e1 \u00e9xito. Por lo tanto, si el escenario de cero emisiones se puede lograr para 2050 (carga limpia) depender\u00e1 no solo de la capacidad innovadora de la industria, sino tambi\u00e9n de una transici\u00f3n energ\u00e9tica exitosa.\r\n","_et_gb_content_width":"","footnotes":""},"class_list":["post-10005","page","type-page","status-publish","hentry","wpautop"],"_links":{"self":[{"href":"https:\/\/www.navis-ag.com\/es\/wp-json\/wp\/v2\/pages\/10005","targetHints":{"allow":["GET"]}}],"collection":[{"href":"https:\/\/www.navis-ag.com\/es\/wp-json\/wp\/v2\/pages"}],"about":[{"href":"https:\/\/www.navis-ag.com\/es\/wp-json\/wp\/v2\/types\/page"}],"author":[{"embeddable":true,"href":"https:\/\/www.navis-ag.com\/es\/wp-json\/wp\/v2\/users\/6"}],"replies":[{"embeddable":true,"href":"https:\/\/www.navis-ag.com\/es\/wp-json\/wp\/v2\/comments?post=10005"}],"version-history":[{"count":5,"href":"https:\/\/www.navis-ag.com\/es\/wp-json\/wp\/v2\/pages\/10005\/revisions"}],"predecessor-version":[{"id":11781,"href":"https:\/\/www.navis-ag.com\/es\/wp-json\/wp\/v2\/pages\/10005\/revisions\/11781"}],"up":[{"embeddable":true,"href":"https:\/\/www.navis-ag.com\/es\/wp-json\/wp\/v2\/pages\/3474"}],"wp:attachment":[{"href":"https:\/\/www.navis-ag.com\/es\/wp-json\/wp\/v2\/media?parent=10005"}],"curies":[{"name":"wp","href":"https:\/\/api.w.org\/{rel}","templated":true}]}}